{"id":822,"date":"2025-05-28T09:27:54","date_gmt":"2025-05-28T09:27:54","guid":{"rendered":"https:\/\/spigarestaurante.es\/?page_id=822"},"modified":"2025-06-03T16:04:21","modified_gmt":"2025-06-03T16:04:21","slug":"politica-de-cookies","status":"publish","type":"page","link":"https:\/\/spigarestaurante.es\/fr\/politica-de-cookies\/","title":{"rendered":"Politique de cookies"},"content":{"rendered":"<div data-elementor-type=\"wp-page\" data-elementor-id=\"822\" class=\"elementor elementor-822\" data-elementor-post-type=\"page\">\n\t\t\t\t<div class=\"elementor-element elementor-element-90db1a5 e-flex e-con-boxed e-con e-parent\" data-id=\"90db1a5\" data-element_type=\"container\">\n\t\t\t\t\t<div class=\"e-con-inner\">\n\t\t\t\t<div class=\"elementor-element elementor-element-6c53411 elementor-widget elementor-widget-heading\" data-id=\"6c53411\" data-element_type=\"widget\" data-widget_type=\"heading.default\">\n\t\t\t\t<div class=\"elementor-widget-container\">\n\t\t\t\t\t<h2 class=\"elementor-heading-title elementor-size-default\">Politique de cookies<\/h2>\t\t\t\t<\/div>\n\t\t\t\t<\/div>\n\t\t<div class=\"elementor-element elementor-element-0630c93 e-con-full e-flex e-con e-child\" data-id=\"0630c93\" data-element_type=\"container\">\n\t\t\t\t<div class=\"elementor-element elementor-element-1024020 elementor-widget elementor-widget-text-editor\" data-id=\"1024020\" data-element_type=\"widget\" data-widget_type=\"text-editor.default\">\n\t\t\t\t<div class=\"elementor-widget-container\">\n\t\t\t\t\t\t\t\t\t<p>Nous utilisons des cookies propres et de tiers pour analyser et am\u00e9liorer nos services et vous afficher de la publicit\u00e9 li\u00e9e \u00e0 vos pr\u00e9f\u00e9rences en analysant vos habitudes de navigation. Si vous continuez \u00e0 naviguer, nous consid\u00e9rons que vous acceptez leur utilisation.<\/p><p>\u00a0<\/p><p>Un cookie est un fichier qui se t\u00e9l\u00e9charge sur votre ordinateur lorsque vous acc\u00e9dez \u00e0 certaines pages web. Les cookies permettent \u00e0 un site web, entre autres, de stocker et de r\u00e9cup\u00e9rer des informations sur les habitudes de navigation d\u2019un utilisateur ou de son appareil et, en fonction des informations qu\u2019ils contiennent et de la mani\u00e8re dont l\u2019appareil est utilis\u00e9, ils peuvent \u00eatre utilis\u00e9s pour reconna\u00eetre l\u2019utilisateur. Le navigateur de l\u2019utilisateur stocke les cookies sur le disque dur uniquement pendant la session en cours, occupant un espace m\u00e9moire minimal et ne portant pas atteinte \u00e0 l\u2019ordinateur. Les cookies ne contiennent aucun renseignement personnel sp\u00e9cifique, et la plupart d\u2019entre eux sont supprim\u00e9s du disque dur \u00e0 la fin de la session de navigation (les cookies dits de session). La majorit\u00e9 des navigateurs acceptent les cookies comme standard et, ind\u00e9pendamment de cela, permettent ou bloquent dans les param\u00e8tres de s\u00e9curit\u00e9 les cookies temporaires ou m\u00e9moris\u00e9s. Sans votre consentement expr\u00e8s (en activant les cookies dans votre navigateur), les cookies ne lieront pas les donn\u00e9es stock\u00e9es \u00e0 vos donn\u00e9es personnelles fournies lors de l\u2019inscription ou de l\u2019achat.<\/p><p>\u00a0<\/p><p>L\u2019ENTREPRISE peut vous donner acc\u00e8s \u00e0 d\u2019autres sites web que nous consid\u00e9rons susceptibles de vous int\u00e9resser. L\u2019objectif de ces liens est uniquement de vous faciliter la recherche de ressources susceptibles de vous int\u00e9resser sur Internet. Cependant, certains de ces sites n\u2019appartiennent pas \u00e0 L\u2019ENTREPRISE, ni leur contenu n\u2019est v\u00e9rifi\u00e9, de sorte qu\u2019en aucun cas L\u2019ENTREPRISE ne pourra \u00eatre consid\u00e9r\u00e9e responsable de ceux-ci, du fonctionnement du site li\u00e9 ou des dommages \u00e9ventuels r\u00e9sultant de l\u2019acc\u00e8s ou de l\u2019utilisation de celui-ci. Ces sites doivent mettre \u00e0 disposition des utilisateurs \u00e0 la fois leur propre Politique de confidentialit\u00e9 et le d\u00e9tail de leur Politique de cookies.<\/p>\t\t\t\t\t\t\t\t<\/div>\n\t\t\t\t<\/div>\n\t\t\t\t<div class=\"elementor-element elementor-element-2df75c4 elementor-widget elementor-widget-heading\" data-id=\"2df75c4\" data-element_type=\"widget\" data-widget_type=\"heading.default\">\n\t\t\t\t<div class=\"elementor-widget-container\">\n\t\t\t\t\t<h2 class=\"elementor-heading-title elementor-size-default\">Quels types de cookies ce site web utilise\u2011t\u2011il ?<\/h2>\t\t\t\t<\/div>\n\t\t\t\t<\/div>\n\t\t\t\t<div class=\"elementor-element elementor-element-76d266b elementor-widget elementor-widget-text-editor\" data-id=\"76d266b\" data-element_type=\"widget\" data-widget_type=\"text-editor.default\">\n\t\t\t\t<div class=\"elementor-widget-container\">\n\t\t\t\t\t\t\t\t\t<p>\u2013 Cookies techniques : ce sont ceux qui permettent \u00e0 l\u2019utilisateur de naviguer sur une page web, plateforme ou application et d\u2019utiliser les diff\u00e9rentes options ou services qui y figurent, comme contr\u00f4ler le trafic et la communication de donn\u00e9es, identifier la session, acc\u00e9der \u00e0 des zones d\u2019acc\u00e8s restreint, m\u00e9moriser les \u00e9l\u00e9ments qui composent une commande, effectuer le processus d\u2019achat d\u2019une commande, g\u00e9rer l\u2019inscription ou la participation \u00e0 un \u00e9v\u00e9nement, utiliser des \u00e9l\u00e9ments de s\u00e9curit\u00e9 pendant la navigation, stocker des contenus pour la diffusion de vid\u00e9os ou de sons ou partager des contenus via les r\u00e9seaux sociaux.<\/p><p>\u2013 Cookies de personnalisation : ceux qui permettent \u00e0 l\u2019utilisateur d\u2019acc\u00e9der au service avec certaines caract\u00e9ristiques g\u00e9n\u00e9rales pr\u00e9d\u00e9finies en fonction d\u2019un certain nombre de crit\u00e8res sur l\u2019appareil de l\u2019utilisateur, tels que la langue, le type de navigateur utilis\u00e9 pour acc\u00e9der au service, les param\u00e8tres r\u00e9gionaux depuis lesquels le service est acc\u00e9d\u00e9, etc.<\/p><p>\u2013 Cookies d\u2019analyse : ceux qui, trait\u00e9s par nous ou par des tiers, nous permettent de quantifier le nombre d\u2019utilisateurs et ainsi de r\u00e9aliser la mesure et l\u2019analyse statistique de l\u2019utilisation qu\u2019ils font du service offert. Pour cela, nous analysons votre navigation sur notre site web afin d\u2019am\u00e9liorer l\u2019offre de produits ou de services que nous proposons.<\/p><p>\u2013 Cookies publicitaires : ceux qui, trait\u00e9s par nous ou par des tiers, nous permettent de g\u00e9rer le plus efficacement possible les espaces publicitaires pr\u00e9sents sur le site web, en adaptant le contenu de l\u2019annonce au contenu du service demand\u00e9 ou \u00e0 l\u2019utilisation que vous faites de notre site web. \u00c0 cette fin, nous pouvons analyser vos habitudes de navigation sur Internet et vous afficher de la publicit\u00e9 li\u00e9e \u00e0 votre profil de navigation.<\/p><p>\u2013 Cookies de publicit\u00e9 comportementale : ceux qui permettent la gestion la plus efficace possible des espaces publicitaires que, le cas \u00e9ch\u00e9ant, l\u2019\u00e9diteur aurait inclus sur un site web, une application ou une plateforme \u00e0 partir de laquelle le service demand\u00e9 est fourni. Ces cookies stockent des informations sur le comportement des utilisateurs obtenues par l\u2019observation continue de leurs habitudes de navigation, ce qui permet de d\u00e9velopper un profil sp\u00e9cifique pour afficher des publicit\u00e9s en fonction de celui-ci.<\/p>\t\t\t\t\t\t\t\t<\/div>\n\t\t\t\t<\/div>\n\t\t\t\t<div class=\"elementor-element elementor-element-251d4cc elementor-widget elementor-widget-heading\" data-id=\"251d4cc\" data-element_type=\"widget\" data-widget_type=\"heading.default\">\n\t\t\t\t<div class=\"elementor-widget-container\">\n\t\t\t\t\t<h2 class=\"elementor-heading-title elementor-size-default\">Cookies de tiers<\/h2>\t\t\t\t<\/div>\n\t\t\t\t<\/div>\n\t\t\t\t<div class=\"elementor-element elementor-element-6a2f7f7 elementor-widget elementor-widget-text-editor\" data-id=\"6a2f7f7\" data-element_type=\"widget\" data-widget_type=\"text-editor.default\">\n\t\t\t\t<div class=\"elementor-widget-container\">\n\t\t\t\t\t\t\t\t\t<p>Le site Web de\u00a0<strong>SPIGA DELIZIE ITALIANE S.L<\/strong><strong>\u00a0<\/strong> peut utiliser des services tiers qui collectent des informations \u00e0 des fins statistiques, pour l\u2019utilisation du Site par l\u2019utilisateur et pour la fourniture d\u2019autres services li\u00e9s \u00e0 l\u2019activit\u00e9 du Site Web et \u00e0 d\u2019autres services Internet. En particulier, ce site Web utilise Google Analytics, un service d\u2019analyse Web fourni par Google, Inc., dont le si\u00e8ge social est situ\u00e9 aux \u00c9tats-Unis \u00e0 1600 Amphitheatre Parkway, Mountain View, Californie 94043. Pour la fourniture de ces services, ils utilisent des cookies qui collectent des informations, y compris l\u2019adresse IP de l\u2019utilisateur, qui sera transmise, trait\u00e9e et stock\u00e9e par Google selon les conditions fix\u00e9es sur le site Web de Google.com. Incluant la transmission possible de ces informations \u00e0 des tiers pour des raisons juridiques ou lorsque ces tiers traitent les informations pour le compte de Google. Vous reconnaissez \u00e9galement conna\u00eetre la possibilit\u00e9 de refuser le traitement de ces donn\u00e9es ou informations en refusant l\u2019utilisation de cookies via la configuration appropri\u00e9e de votre navigateur. Toutefois, cette option de blocage des cookies dans votre navigateur peut ne pas vous permettre d\u2019utiliser pleinement toutes les fonctionnalit\u00e9s du site Web. Vous pouvez autoriser, bloquer ou supprimer les cookies install\u00e9s sur votre appareil en configurant les options du navigateur install\u00e9 sur votre ordinateur :<\/p><ul><li><strong>Chrome<\/strong>, depuis <a href=\"http:\/\/support.google.com\/chrome\/bin\/answer.py?hl=es&amp;answer=95647\">http:\/\/support.google.com\/chrome\/bin\/answer.py?hl=es&amp;answer=95647<\/a><\/li><li><strong>Safari<\/strong>, depuis <a href=\"http:\/\/support.apple.com\/kb\/ph5042\">http:\/\/support.apple.com\/kb\/ph5042<\/a><\/li><li><strong>Explorer<\/strong>, depuis <a href=\"http:\/\/windows.microsoft.com\/es-es\/windows7\/how-to-manage-cookies-in-internet-explorer-9\">http:\/\/windows.microsoft.com\/es-es\/windows7\/how-to-manage-cookies-in-internet-explorer-9<\/a><\/li><li><strong>Firefox<\/strong>, depuis <a href=\"http:\/\/support.mozilla.org\/es\/kb\/habilitar-y-deshabilitar-cookies-que-los-sitios-we\">http:\/\/support.mozilla.org\/es\/kb\/habilitar-y-deshabilitar-cookies-que-los-sitios-we<\/a><\/li><\/ul><p>Tout ce qui concerne les <strong>cookies Google<\/strong>, tant analytiques que publicitaires, ainsi que leur gestion et configuration, peut \u00eatre consult\u00e9 \u00e0 :<\/p><ul><li><a href=\"http:\/\/www.google.es\/intl\/es\/policies\/technologies\/types\/\">http:\/\/www.google.es\/intl\/es\/policies\/technologies\/types\/<\/a><\/li><li><a href=\"http:\/\/www.google.es\/policies\/technologies\/ads\/\">http:\/\/www.google.es\/policies\/technologies\/ads\/<\/a><\/li><li><a href=\"https:\/\/developers.google.com\/analytics\/devguides\/collection\/analyticsjs\/cookie-usage\">https:\/\/developers.google.com\/analytics\/devguides\/collection\/analyticsjs\/cookie-usage<\/a><\/li><\/ul>\t\t\t\t\t\t\t\t<\/div>\n\t\t\t\t<\/div>\n\t\t\t\t<\/div>\n\t\t\t\t\t<\/div>\n\t\t\t\t<\/div>\n\t\t\t\t<\/div>","protected":false},"excerpt":{"rendered":"<p>Pol\u00edtica de cookies Utilizamos cookies propias y de terceros para analizar y mejorar nuestros servicios y mostrarle publicidad relacionada con [&hellip;]<\/p>","protected":false},"author":2,"featured_media":0,"parent":0,"menu_order":0,"comment_status":"closed","ping_status":"closed","template":"","meta":{"site-sidebar-layout":"no-sidebar","site-content-layout":"","ast-site-content-layout":"full-width-container","site-content-style":"default","site-sidebar-style":"default","ast-global-header-display":"","ast-banner-title-visibility":"","ast-main-header-display":"","ast-hfb-above-header-display":"","ast-hfb-below-header-display":"","ast-hfb-mobile-header-display":"","site-post-title":"disabled","ast-breadcrumbs-content":"","ast-featured-img":"disabled","footer-sml-layout":"","theme-transparent-header-meta":"","adv-header-id-meta":"","stick-header-meta":"","header-above-stick-meta":"","header-main-stick-meta":"","header-below-stick-meta":"","astra-migrate-meta-layouts":"default","ast-page-background-enabled":"default","ast-page-background-meta":{"desktop":{"background-color":"var(--ast-global-color-5)","background-image":"","background-repeat":"repeat","background-position":"center center","background-size":"auto","background-attachment":"scroll","background-type":"","background-media":"","overlay-type":"","overlay-color":"","overlay-opacity":"","overlay-gradient":""},"tablet":{"background-color":"","background-image":"","background-repeat":"repeat","background-position":"center center","background-size":"auto","background-attachment":"scroll","background-type":"","background-media":"","overlay-type":"","overlay-color":"","overlay-opacity":"","overlay-gradient":""},"mobile":{"background-color":"","background-image":"","background-repeat":"repeat","background-position":"center center","background-size":"auto","background-attachment":"scroll","background-type":"","background-media":"","overlay-type":"","overlay-color":"","overlay-opacity":"","overlay-gradient":""}},"ast-content-background-meta":{"desktop":{"background-color":"var(--ast-global-color-4)","background-image":"","background-repeat":"repeat","background-position":"center center","background-size":"auto","background-attachment":"scroll","background-type":"","background-media":"","overlay-type":"","overlay-color":"","overlay-opacity":"","overlay-gradient":""},"tablet":{"background-color":"var(--ast-global-color-4)","background-image":"","background-repeat":"repeat","background-position":"center center","background-size":"auto","background-attachment":"scroll","background-type":"","background-media":"","overlay-type":"","overlay-color":"","overlay-opacity":"","overlay-gradient":""},"mobile":{"background-color":"var(--ast-global-color-4)","background-image":"","background-repeat":"repeat","background-position":"center center","background-size":"auto","background-attachment":"scroll","background-type":"","background-media":"","overlay-type":"","overlay-color":"","overlay-opacity":"","overlay-gradient":""}},"footnotes":""},"class_list":["post-822","page","type-page","status-publish","hentry"],"yoast_head":"<!-- This site is optimized with the Yoast SEO plugin v26.2 - https:\/\/yoast.com\/wordpress\/plugins\/seo\/ -->\n<title>Pol\u00edtica de cookies -<\/title>\n<meta name=\"robots\" content=\"noindex, nofollow\" \/>\n<meta property=\"og:locale\" content=\"fr_FR\" \/>\n<meta property=\"og:type\" content=\"article\" \/>\n<meta property=\"og:title\" content=\"Pol\u00edtica de cookies -\" \/>\n<meta property=\"og:description\" content=\"Pol\u00edtica de cookies Utilizamos cookies propias y de terceros para analizar y mejorar nuestros servicios y mostrarle publicidad relacionada con [&hellip;]\" \/>\n<meta property=\"og:url\" content=\"https:\/\/spigarestaurante.es\/fr\/politica-de-cookies\/\" \/>\n<meta property=\"og:site_name\" content=\"Restaurante Spiga\" \/>\n<meta property=\"article:publisher\" content=\"https:\/\/www.facebook.com\/spigarestaurante\/\" \/>\n<meta property=\"article:modified_time\" content=\"2025-06-03T16:04:21+00:00\" \/>\n<meta property=\"og:image\" content=\"https:\/\/spigarestaurante.es\/wp-content\/uploads\/2025\/04\/Spiga-2019-02-2-1024x644-1.jpg\" \/>\n\t<meta property=\"og:image:width\" content=\"1024\" \/>\n\t<meta property=\"og:image:height\" content=\"644\" \/>\n\t<meta property=\"og:image:type\" content=\"image\/jpeg\" \/>\n<meta name=\"twitter:card\" content=\"summary_large_image\" \/>\n<meta name=\"twitter:label1\" content=\"Dur\u00e9e de lecture estim\u00e9e\" \/>\n\t<meta name=\"twitter:data1\" content=\"5 minutes\" \/>\n<script type=\"application\/ld+json\" class=\"yoast-schema-graph\">{\"@context\":\"https:\/\/schema.org\",\"@graph\":[{\"@type\":\"WebPage\",\"@id\":\"https:\/\/spigarestaurante.es\/politica-de-cookies\/\",\"url\":\"https:\/\/spigarestaurante.es\/politica-de-cookies\/\",\"name\":\"Pol\u00edtica de cookies -\",\"isPartOf\":{\"@id\":\"https:\/\/spigarestaurante.es\/#website\"},\"datePublished\":\"2025-05-28T09:27:54+00:00\",\"dateModified\":\"2025-06-03T16:04:21+00:00\",\"breadcrumb\":{\"@id\":\"https:\/\/spigarestaurante.es\/politica-de-cookies\/#breadcrumb\"},\"inLanguage\":\"fr-FR\",\"potentialAction\":[{\"@type\":\"ReadAction\",\"target\":[\"https:\/\/spigarestaurante.es\/politica-de-cookies\/\"]}]},{\"@type\":\"BreadcrumbList\",\"@id\":\"https:\/\/spigarestaurante.es\/politica-de-cookies\/#breadcrumb\",\"itemListElement\":[{\"@type\":\"ListItem\",\"position\":1,\"name\":\"Portada\",\"item\":\"https:\/\/spigarestaurante.es\/\"},{\"@type\":\"ListItem\",\"position\":2,\"name\":\"Pol\u00edtica de cookies\"}]},{\"@type\":\"WebSite\",\"@id\":\"https:\/\/spigarestaurante.es\/#website\",\"url\":\"https:\/\/spigarestaurante.es\/\",\"name\":\"Restaurante Spiga\",\"description\":\"Restaurante Italiano en Alicante. Ven y descubre un espacio gastron\u00f3mico donde disfrutar de la esencia de la cocina Veneciana.\",\"publisher\":{\"@id\":\"https:\/\/spigarestaurante.es\/#organization\"},\"potentialAction\":[{\"@type\":\"SearchAction\",\"target\":{\"@type\":\"EntryPoint\",\"urlTemplate\":\"https:\/\/spigarestaurante.es\/?s={search_term_string}\"},\"query-input\":{\"@type\":\"PropertyValueSpecification\",\"valueRequired\":true,\"valueName\":\"search_term_string\"}}],\"inLanguage\":\"fr-FR\"},{\"@type\":\"Organization\",\"@id\":\"https:\/\/spigarestaurante.es\/#organization\",\"name\":\"Restaurante Spiga\",\"url\":\"https:\/\/spigarestaurante.es\/\",\"logo\":{\"@type\":\"ImageObject\",\"inLanguage\":\"fr-FR\",\"@id\":\"https:\/\/spigarestaurante.es\/#\/schema\/logo\/image\/\",\"url\":\"https:\/\/spigarestaurante.es\/wp-content\/uploads\/2025\/04\/Spiga-2019-02-2-1024x644-1.jpeg\",\"contentUrl\":\"https:\/\/spigarestaurante.es\/wp-content\/uploads\/2025\/04\/Spiga-2019-02-2-1024x644-1.jpeg\",\"width\":1024,\"height\":644,\"caption\":\"Restaurante Spiga\"},\"image\":{\"@id\":\"https:\/\/spigarestaurante.es\/#\/schema\/logo\/image\/\"},\"sameAs\":[\"https:\/\/www.facebook.com\/spigarestaurante\/\",\"https:\/\/www.instagram.com\/spigarestaurantepizzeria\/\"]}]}<\/script>\n<!-- \/ Yoast SEO plugin. -->","yoast_head_json":{"title":"Pol\u00edtica de cookies -","robots":{"index":"noindex","follow":"nofollow"},"og_locale":"fr_FR","og_type":"article","og_title":"Pol\u00edtica de cookies -","og_description":"Pol\u00edtica de cookies Utilizamos cookies propias y de terceros para analizar y mejorar nuestros servicios y mostrarle publicidad relacionada con [&hellip;]","og_url":"https:\/\/spigarestaurante.es\/fr\/politica-de-cookies\/","og_site_name":"Restaurante Spiga","article_publisher":"https:\/\/www.facebook.com\/spigarestaurante\/","article_modified_time":"2025-06-03T16:04:21+00:00","og_image":[{"width":1024,"height":644,"url":"https:\/\/spigarestaurante.es\/wp-content\/uploads\/2025\/04\/Spiga-2019-02-2-1024x644-1.jpg","type":"image\/jpeg"}],"twitter_card":"summary_large_image","twitter_misc":{"Dur\u00e9e de lecture estim\u00e9e":"5 minutes"},"schema":{"@context":"https:\/\/schema.org","@graph":[{"@type":"WebPage","@id":"https:\/\/spigarestaurante.es\/politica-de-cookies\/","url":"https:\/\/spigarestaurante.es\/politica-de-cookies\/","name":"Pol\u00edtica de cookies -","isPartOf":{"@id":"https:\/\/spigarestaurante.es\/#website"},"datePublished":"2025-05-28T09:27:54+00:00","dateModified":"2025-06-03T16:04:21+00:00","breadcrumb":{"@id":"https:\/\/spigarestaurante.es\/politica-de-cookies\/#breadcrumb"},"inLanguage":"fr-FR","potentialAction":[{"@type":"ReadAction","target":["https:\/\/spigarestaurante.es\/politica-de-cookies\/"]}]},{"@type":"BreadcrumbList","@id":"https:\/\/spigarestaurante.es\/politica-de-cookies\/#breadcrumb","itemListElement":[{"@type":"ListItem","position":1,"name":"Portada","item":"https:\/\/spigarestaurante.es\/"},{"@type":"ListItem","position":2,"name":"Pol\u00edtica de cookies"}]},{"@type":"WebSite","@id":"https:\/\/spigarestaurante.es\/#website","url":"https:\/\/spigarestaurante.es\/","name":"Restaurante Spiga","description":"Restaurante Italiano en Alicante. Ven y descubre un espacio gastron\u00f3mico donde disfrutar de la esencia de la cocina Veneciana.","publisher":{"@id":"https:\/\/spigarestaurante.es\/#organization"},"potentialAction":[{"@type":"SearchAction","target":{"@type":"EntryPoint","urlTemplate":"https:\/\/spigarestaurante.es\/?s={search_term_string}"},"query-input":{"@type":"PropertyValueSpecification","valueRequired":true,"valueName":"search_term_string"}}],"inLanguage":"fr-FR"},{"@type":"Organization","@id":"https:\/\/spigarestaurante.es\/#organization","name":"Restaurante Spiga","url":"https:\/\/spigarestaurante.es\/","logo":{"@type":"ImageObject","inLanguage":"fr-FR","@id":"https:\/\/spigarestaurante.es\/#\/schema\/logo\/image\/","url":"https:\/\/spigarestaurante.es\/wp-content\/uploads\/2025\/04\/Spiga-2019-02-2-1024x644-1.jpeg","contentUrl":"https:\/\/spigarestaurante.es\/wp-content\/uploads\/2025\/04\/Spiga-2019-02-2-1024x644-1.jpeg","width":1024,"height":644,"caption":"Restaurante Spiga"},"image":{"@id":"https:\/\/spigarestaurante.es\/#\/schema\/logo\/image\/"},"sameAs":["https:\/\/www.facebook.com\/spigarestaurante\/","https:\/\/www.instagram.com\/spigarestaurantepizzeria\/"]}]}},"_links":{"self":[{"href":"https:\/\/spigarestaurante.es\/fr\/wp-json\/wp\/v2\/pages\/822","targetHints":{"allow":["GET"]}}],"collection":[{"href":"https:\/\/spigarestaurante.es\/fr\/wp-json\/wp\/v2\/pages"}],"about":[{"href":"https:\/\/spigarestaurante.es\/fr\/wp-json\/wp\/v2\/types\/page"}],"author":[{"embeddable":true,"href":"https:\/\/spigarestaurante.es\/fr\/wp-json\/wp\/v2\/users\/2"}],"replies":[{"embeddable":true,"href":"https:\/\/spigarestaurante.es\/fr\/wp-json\/wp\/v2\/comments?post=822"}],"version-history":[{"count":7,"href":"https:\/\/spigarestaurante.es\/fr\/wp-json\/wp\/v2\/pages\/822\/revisions"}],"predecessor-version":[{"id":846,"href":"https:\/\/spigarestaurante.es\/fr\/wp-json\/wp\/v2\/pages\/822\/revisions\/846"}],"wp:attachment":[{"href":"https:\/\/spigarestaurante.es\/fr\/wp-json\/wp\/v2\/media?parent=822"}],"curies":[{"name":"wp","href":"https:\/\/api.w.org\/{rel}","templated":true}]}}