{"id":820,"date":"2025-05-28T09:27:28","date_gmt":"2025-05-28T09:27:28","guid":{"rendered":"https:\/\/spigarestaurante.es\/?page_id=820"},"modified":"2025-06-03T16:04:40","modified_gmt":"2025-06-03T16:04:40","slug":"politica-de-privacidad","status":"publish","type":"page","link":"https:\/\/spigarestaurante.es\/fr\/politica-de-privacidad\/","title":{"rendered":"Politique de confidentialit\u00e9"},"content":{"rendered":"<div data-elementor-type=\"wp-page\" data-elementor-id=\"820\" class=\"elementor elementor-820\" data-elementor-post-type=\"page\">\n\t\t\t\t<div class=\"elementor-element elementor-element-05750a3 e-flex e-con-boxed e-con e-parent\" data-id=\"05750a3\" data-element_type=\"container\">\n\t\t\t\t\t<div class=\"e-con-inner\">\n\t\t\t\t<div class=\"elementor-element elementor-element-c81eb9e elementor-widget elementor-widget-heading\" data-id=\"c81eb9e\" data-element_type=\"widget\" data-widget_type=\"heading.default\">\n\t\t\t\t<div class=\"elementor-widget-container\">\n\t\t\t\t\t<h2 class=\"elementor-heading-title elementor-size-default\">Politique de confidentialit\u00e9<\/h2>\t\t\t\t<\/div>\n\t\t\t\t<\/div>\n\t\t<div class=\"elementor-element elementor-element-fe83a61 e-con-full e-flex e-con e-child\" data-id=\"fe83a61\" data-element_type=\"container\">\n\t\t\t\t<div class=\"elementor-element elementor-element-1f1c2b7 elementor-widget elementor-widget-text-editor\" data-id=\"1f1c2b7\" data-element_type=\"widget\" data-widget_type=\"text-editor.default\">\n\t\t\t\t<div class=\"elementor-widget-container\">\n\t\t\t\t\t\t\t\t\t<p><strong>SPIGA DELIZIE ITALIANE S.L<\/strong>s'engage \u00e0 prot\u00e9ger votre vie priv\u00e9e. La pr\u00e9sente politique de confidentialit\u00e9 explique comment nous recueillons et utilisons vos donn\u00e9es personnelles, ainsi que vos droits et les options dont vous disposez. Veuillez \u00e9galement consulter notre [politique de cookies], qui d\u00e9crit l\u2019utilisation des cookies et autres dispositifs de suivi via notre site web.<\/p>\t\t\t\t\t\t\t\t<\/div>\n\t\t\t\t<\/div>\n\t\t\t\t<div class=\"elementor-element elementor-element-548857c elementor-widget elementor-widget-heading\" data-id=\"548857c\" data-element_type=\"widget\" data-widget_type=\"heading.default\">\n\t\t\t\t<div class=\"elementor-widget-container\">\n\t\t\t\t\t<h2 class=\"elementor-heading-title elementor-size-default\">Qui est responsable du traitement de vos donn\u00e9es personnelles ?<\/h2>\t\t\t\t<\/div>\n\t\t\t\t<\/div>\n\t\t\t\t<div class=\"elementor-element elementor-element-6f5e441 elementor-widget elementor-widget-text-editor\" data-id=\"6f5e441\" data-element_type=\"widget\" data-widget_type=\"text-editor.default\">\n\t\t\t\t<div class=\"elementor-widget-container\">\n\t\t\t\t\t\t\t\t\t<strong>SPIGA DELIZIE ITALIANE S.L<\/strong>\u00a0titulaire du <strong>C.I.F: ESB53691705<\/strong>, si\u00e8ge social situ\u00e9 \u00e0<strong> C\/Mayor, n\u00ba 11 \u2013 03002 \u2013 Alicante (Alicante)<\/strong> t\u00e9l\u00e9phone :<strong> +34 965 21 99 88<\/strong> email: <strong>info@spigarestaurante.es,<\/strong>  est le responsable du traitement de vos donn\u00e9es personnelles. Nous garantissons la s\u00e9curit\u00e9 et la confidentialit\u00e9 de vos donn\u00e9es, conform\u00e9ment au <strong>R\u00c8GLEMENT EUROP\u00c9EN SUR LA PROTECTION DES DONN\u00c9ES (UE) 679\/2016<\/strong>, ainsi qu\u2019\u00e0 toute autre r\u00e9glementation applicable.\t\t\t\t\t\t\t\t<\/div>\n\t\t\t\t<\/div>\n\t\t\t\t<div class=\"elementor-element elementor-element-b6ce865 elementor-widget elementor-widget-heading\" data-id=\"b6ce865\" data-element_type=\"widget\" data-widget_type=\"heading.default\">\n\t\t\t\t<div class=\"elementor-widget-container\">\n\t\t\t\t\t<h2 class=\"elementor-heading-title elementor-size-default\">\u00c0 quelles fins utilisons-nous vos donn\u00e9es personnelles ?<\/h2>\t\t\t\t<\/div>\n\t\t\t\t<\/div>\n\t\t\t\t<div class=\"elementor-element elementor-element-ed6ad08 elementor-widget elementor-widget-text-editor\" data-id=\"ed6ad08\" data-element_type=\"widget\" data-widget_type=\"text-editor.default\">\n\t\t\t\t<div class=\"elementor-widget-container\">\n\t\t\t\t\t\t\t\t\t<p>Chez<strong> SPIGA DELIZIE ITALIANE S.L<\/strong> nous utilisons vos donn\u00e9es dans la mesure permise par le RGPD, ainsi que par la l\u00e9gislation en vigueur applicable. En tout \u00e9tat de cause, le traitement se fera \u00e0 des fins d\u00e9termin\u00e9es, explicites et l\u00e9gitimes, et ne sera en aucun cas trait\u00e9 de mani\u00e8re incompatible avec ces finalit\u00e9s. Concr\u00e8tement, les traitements suivants seront effectu\u00e9s :<\/p><p style=\"padding-left: 40px;\">R\u00e9pondre \u00e0 vos questions, demandes ou sollicitations.<br \/>G\u00e9rer la relation contractuelle et la prestation des services demand\u00e9s.<br \/>G\u00e9rer vos appels t\u00e9l\u00e9phoniques.<br \/>\u00c9mettre des justificatifs de paiement pour les services rendus au client.<br \/>Pour la bonne ex\u00e9cution du service demand\u00e9, les donn\u00e9es personnelles n\u00e9cessaires du client seront trait\u00e9es afin d'assurer le suivi de son \u00e9volution pendant la prestation du service.<br \/>Effectuer toutes les d\u00e9marches administratives, fiscales et comptables n\u00e9cessaires pour respecter nos engagements contractuels et obligations fiscales et comptables.<br \/>Respecter nos obligations l\u00e9gales.<br \/>Analyser et am\u00e9liorer nos services et nos communications avec vous.<br \/>Surveiller le respect de nos politiques internes.<br \/>G\u00e9rer l'envoi d'informations et la prospection commerciale par tout moyen en cas de consentement explicite.<\/p>\t\t\t\t\t\t\t\t<\/div>\n\t\t\t\t<\/div>\n\t\t\t\t<div class=\"elementor-element elementor-element-6de763c elementor-widget elementor-widget-heading\" data-id=\"6de763c\" data-element_type=\"widget\" data-widget_type=\"heading.default\">\n\t\t\t\t<div class=\"elementor-widget-container\">\n\t\t\t\t\t<h2 class=\"elementor-heading-title elementor-size-default\">Quelle est la base l\u00e9gale du traitement de vos donn\u00e9es ?<\/h2>\t\t\t\t<\/div>\n\t\t\t\t<\/div>\n\t\t\t\t<div class=\"elementor-element elementor-element-51d1b7c elementor-widget elementor-widget-text-editor\" data-id=\"51d1b7c\" data-element_type=\"widget\" data-widget_type=\"text-editor.default\">\n\t\t\t\t<div class=\"elementor-widget-container\">\n\t\t\t\t\t\t\t\t\t<p>La l\u00e9gitimation des traitements de donn\u00e9es personnelles que nous effectuons est r\u00e9alis\u00e9e \u00e0 tout moment en conformit\u00e9 avec les dispositions de l\u2019article 6 du RGPD, ainsi que de l\u2019article 8 de la Loi Organique 3\/2018. Dans les cas o\u00f9 la l\u00e9gitimation pour la finalit\u00e9 principale de l'utilisation des donn\u00e9es ne se trouve dans aucune des bases juridiques pr\u00e9c\u00e9dentes, le consentement de l'int\u00e9ress\u00e9 sera requis pour le traitement.<\/p>\t\t\t\t\t\t\t\t<\/div>\n\t\t\t\t<\/div>\n\t\t\t\t<div class=\"elementor-element elementor-element-2104045 elementor-widget elementor-widget-heading\" data-id=\"2104045\" data-element_type=\"widget\" data-widget_type=\"heading.default\">\n\t\t\t\t<div class=\"elementor-widget-container\">\n\t\t\t\t\t<h2 class=\"elementor-heading-title elementor-size-default\">Combien de temps conservons-nous vos donn\u00e9es ?<\/h2>\t\t\t\t<\/div>\n\t\t\t\t<\/div>\n\t\t\t\t<div class=\"elementor-element elementor-element-92b7a05 elementor-widget elementor-widget-text-editor\" data-id=\"92b7a05\" data-element_type=\"widget\" data-widget_type=\"text-editor.default\">\n\t\t\t\t<div class=\"elementor-widget-container\">\n\t\t\t\t\t\t\t\t\t<p>Les donn\u00e9es personnelles seront conserv\u00e9es pendant le temps n\u00e9cessaire \u00e0 la prestation du service ou tant que l'int\u00e9ress\u00e9 ne retire pas son consentement. Par la suite, les donn\u00e9es seront supprim\u00e9es conform\u00e9ment aux dispositions de la r\u00e9glementation sur la protection des donn\u00e9es, ce qui implique leur blocage, et ne seront accessibles qu'\u00e0 la demande des Juges et Tribunaux, du D\u00e9fenseur du Peuple, du Minist\u00e8re Public ou des Administrations Publiques comp\u00e9tentes pendant la dur\u00e9e de prescription des actions pouvant en d\u00e9couler, apr\u00e8s quoi elles seront compl\u00e8tement supprim\u00e9es.<\/p>\t\t\t\t\t\t\t\t<\/div>\n\t\t\t\t<\/div>\n\t\t\t\t<div class=\"elementor-element elementor-element-c589191 elementor-widget elementor-widget-heading\" data-id=\"c589191\" data-element_type=\"widget\" data-widget_type=\"heading.default\">\n\t\t\t\t<div class=\"elementor-widget-container\">\n\t\t\t\t\t<h2 class=\"elementor-heading-title elementor-size-default\">Avec qui partageons-nous vos donn\u00e9es ?<\/h2>\t\t\t\t<\/div>\n\t\t\t\t<\/div>\n\t\t\t\t<div class=\"elementor-element elementor-element-3b241a8 elementor-widget elementor-widget-text-editor\" data-id=\"3b241a8\" data-element_type=\"widget\" data-widget_type=\"text-editor.default\">\n\t\t\t\t<div class=\"elementor-widget-container\">\n\t\t\t\t\t\t\t\t\t<p>Nous vous informons que les donn\u00e9es fournies seront communiqu\u00e9es aux diff\u00e9rents fournisseurs de produits et services n\u00e9cessaires \u00e0 l'ex\u00e9cution du traitement demand\u00e9. Nos prestataires sont tenus d\u2019utiliser les donn\u00e9es fournies uniquement et exclusivement pour l\u2019ex\u00e9cution du service demand\u00e9. Les donn\u00e9es personnelles trait\u00e9es par <strong>SPIGA DELIZIE ITALIANE S.L<\/strong> afin d\u2019atteindre les finalit\u00e9s mentionn\u00e9es ci-dessus, pourront \u00eatre communiqu\u00e9es aux destinataires suivants, en fonction de la base l\u00e9gale justifiant cette communication :<\/p><p>Les administrations publiques conform\u00e9ment \u00e0 la loi<br \/>Les forces de l\u2019ordre.<br \/>Les \u00e9tablissements bancaires pour les paiements.<br \/>Les registres de solvabilit\u00e9 et syst\u00e8mes de pr\u00e9vention de la fraude.<\/p>\t\t\t\t\t\t\t\t<\/div>\n\t\t\t\t<\/div>\n\t\t\t\t<div class=\"elementor-element elementor-element-2d2816b elementor-widget elementor-widget-heading\" data-id=\"2d2816b\" data-element_type=\"widget\" data-widget_type=\"heading.default\">\n\t\t\t\t<div class=\"elementor-widget-container\">\n\t\t\t\t\t<h2 class=\"elementor-heading-title elementor-size-default\">Quels sont vos droits ?<\/h2>\t\t\t\t<\/div>\n\t\t\t\t<\/div>\n\t\t\t\t<div class=\"elementor-element elementor-element-bf75c27 elementor-widget elementor-widget-text-editor\" data-id=\"bf75c27\" data-element_type=\"widget\" data-widget_type=\"text-editor.default\">\n\t\t\t\t<div class=\"elementor-widget-container\">\n\t\t\t\t\t\t\t\t\t<p>Droits:<\/p><p>En particulier, ind\u00e9pendamment de la finalit\u00e9 ou de la base l\u00e9gale sur laquelle nous traitons vos donn\u00e9es, vous avez le droit de :<\/p><ul><li style=\"list-style-type: none;\"><ul><li>Droit d\u2019acc\u00e8s : toute personne a le droit d\u2019obtenir la confirmation que\u00a0<strong>SPIGA DELIZIE ITALIANE S.L<\/strong> traite ou non des donn\u00e9es personnelles la concernant<\/li><li>Droit de rectification : vous avez le droit d'acc\u00e9der \u00e0 vos donn\u00e9es personnelles en notre possession et de demander leur rectification lorsqu\u2019elles sont inexactes<\/li><li>Droit \u00e0 l\u2019effacement : lorsque les donn\u00e9es recueillies ne sont plus n\u00e9cessaires aux finalit\u00e9s pour lesquelles elles ont \u00e9t\u00e9 collect\u00e9es<\/li><li>Droit \u00e0 la limitation du traitement : vous pouvez demander la limitation du traitement de vos donn\u00e9es et qu'elles soient conserv\u00e9es pour l'exercice ou la d\u00e9fense de r\u00e9clamations<\/li><li>Droit \u00e0 la portabilit\u00e9 : vous avez le droit d\u2019obtenir vos donn\u00e9es personnelles dans un format structur\u00e9, couramment utilis\u00e9 et lisible par machine et de les transmettre \u00e0 un autre responsable du traitement<\/li><li>Droit de retrait du consentement : le droit de retirer \u00e0 tout moment tout consentement que vous nous avez donn\u00e9 pour le traitement de vos informations personnelles. Si vous retirez votre consentement, cela n\u2019affectera pas la l\u00e9galit\u00e9 du traitement effectu\u00e9 avant ce retrait<\/li><\/ul><\/li><\/ul>\t\t\t\t\t\t\t\t<\/div>\n\t\t\t\t<\/div>\n\t\t\t\t<div class=\"elementor-element elementor-element-92d6f81 elementor-widget elementor-widget-heading\" data-id=\"92d6f81\" data-element_type=\"widget\" data-widget_type=\"heading.default\">\n\t\t\t\t<div class=\"elementor-widget-container\">\n\t\t\t\t\t<h2 class=\"elementor-heading-title elementor-size-default\">Comment pouvez-vous exercer vos droits ?<\/h2>\t\t\t\t<\/div>\n\t\t\t\t<\/div>\n\t\t\t\t<div class=\"elementor-element elementor-element-cbbefca elementor-widget elementor-widget-text-editor\" data-id=\"cbbefca\" data-element_type=\"widget\" data-widget_type=\"text-editor.default\">\n\t\t\t\t<div class=\"elementor-widget-container\">\n\t\t\t\t\t\t\t\t\t<p><strong>SPIGA DELIZIE ITALIANE S.L<\/strong>s'engage \u00e0 respecter la confidentialit\u00e9 de vos donn\u00e9es personnelles et \u00e0 garantir l'exercice de vos droits. Vous pouvez les exercer gratuitement en nous envoyant un courriel \u00e0 l'adresse\u00a0<strong>info@spigarestaurante.es <\/strong>en nous indiquant simplement le motif de votre demande et le droit que vous souhaitez exercer. Nous vous informons qu'il est indispensable, conform\u00e9ment \u00e0 la loi, de fournir une copie de votre carte d\u2019identit\u00e9 (DNI ou NIE).\n\nNous vous informons \u00e9galement que, conform\u00e9ment \u00e0 notre politique de transparence, vous pouvez demander les formulaires d\u2019exercice des droits par l\u2019un des moyens suivants : au si\u00e8ge ou par e-mail. Il vous est \u00e9galement signal\u00e9 que vous pouvez exercer vos droits en d\u00e9posant une plainte aupr\u00e8s de l'autorit\u00e9 de contr\u00f4le comp\u00e9tente si vous n'obtenez pas satisfaction dans l'exercice de vos droits.<\/p>\t\t\t\t\t\t\t\t<\/div>\n\t\t\t\t<\/div>\n\t\t\t\t<div class=\"elementor-element elementor-element-6e792a2 elementor-widget elementor-widget-heading\" data-id=\"6e792a2\" data-element_type=\"widget\" data-widget_type=\"heading.default\">\n\t\t\t\t<div class=\"elementor-widget-container\">\n\t\t\t\t\t<h2 class=\"elementor-heading-title elementor-size-default\">Voulez-vous un formulaire pour l\u2019exercice de vos droits ?<\/h2>\t\t\t\t<\/div>\n\t\t\t\t<\/div>\n\t\t\t\t<div class=\"elementor-element elementor-element-ea5e416 elementor-widget elementor-widget-text-editor\" data-id=\"ea5e416\" data-element_type=\"widget\" data-widget_type=\"text-editor.default\">\n\t\t\t\t<div class=\"elementor-widget-container\">\n\t\t\t\t\t\t\t\t\t<ul><li>Nous avons des formulaires pour l'exercice de vos droits ; demandez-les par e-mail ou, si vous pr\u00e9f\u00e9rez, vous pouvez utiliser ceux \u00e9labor\u00e9s par l'Agence Espagnole de Protection des Donn\u00e9es ou par des tiers.<\/li><li>Ces formulaires doivent \u00eatre sign\u00e9s \u00e9lectroniquement ou accompagn\u00e9s d'une photocopie de votre carte d\u2019identit\u00e9.<\/li><li>Si une autre personne vous repr\u00e9sente, vous devez joindre une copie de sa carte d\u2019identit\u00e9, ou qu\u2019elle signe le formulaire avec sa signature \u00e9lectronique<\/li><li>Les formulaires peuvent \u00eatre pr\u00e9sent\u00e9s en personne, envoy\u00e9s par courrier ou par email \u00e0 l'adresse du Responsable indiqu\u00e9e au d\u00e9but de ce texte<\/li><\/ul>\t\t\t\t\t\t\t\t<\/div>\n\t\t\t\t<\/div>\n\t\t\t\t<\/div>\n\t\t\t\t\t<\/div>\n\t\t\t\t<\/div>\n\t\t\t\t<\/div>","protected":false},"excerpt":{"rendered":"<p>Pol\u00edtica de privacidad SPIGA DELIZIE ITALIANE S.L, se compromete a proteger su privacidad. Esta Pol\u00edtica de Privacidad explica c\u00f3mo recopilamos [&hellip;]<\/p>","protected":false},"author":2,"featured_media":0,"parent":0,"menu_order":0,"comment_status":"closed","ping_status":"closed","template":"","meta":{"site-sidebar-layout":"no-sidebar","site-content-layout":"","ast-site-content-layout":"full-width-container","site-content-style":"default","site-sidebar-style":"default","ast-global-header-display":"","ast-banner-title-visibility":"","ast-main-header-display":"","ast-hfb-above-header-display":"","ast-hfb-below-header-display":"","ast-hfb-mobile-header-display":"","site-post-title":"disabled","ast-breadcrumbs-content":"","ast-featured-img":"disabled","footer-sml-layout":"","theme-transparent-header-meta":"","adv-header-id-meta":"","stick-header-meta":"","header-above-stick-meta":"","header-main-stick-meta":"","header-below-stick-meta":"","astra-migrate-meta-layouts":"default","ast-page-background-enabled":"default","ast-page-background-meta":{"desktop":{"background-color":"var(--ast-global-color-5)","background-image":"","background-repeat":"repeat","background-position":"center center","background-size":"auto","background-attachment":"scroll","background-type":"","background-media":"","overlay-type":"","overlay-color":"","overlay-opacity":"","overlay-gradient":""},"tablet":{"background-color":"","background-image":"","background-repeat":"repeat","background-position":"center center","background-size":"auto","background-attachment":"scroll","background-type":"","background-media":"","overlay-type":"","overlay-color":"","overlay-opacity":"","overlay-gradient":""},"mobile":{"background-color":"","background-image":"","background-repeat":"repeat","background-position":"center center","background-size":"auto","background-attachment":"scroll","background-type":"","background-media":"","overlay-type":"","overlay-color":"","overlay-opacity":"","overlay-gradient":""}},"ast-content-background-meta":{"desktop":{"background-color":"var(--ast-global-color-4)","background-image":"","background-repeat":"repeat","background-position":"center center","background-size":"auto","background-attachment":"scroll","background-type":"","background-media":"","overlay-type":"","overlay-color":"","overlay-opacity":"","overlay-gradient":""},"tablet":{"background-color":"var(--ast-global-color-4)","background-image":"","background-repeat":"repeat","background-position":"center center","background-size":"auto","background-attachment":"scroll","background-type":"","background-media":"","overlay-type":"","overlay-color":"","overlay-opacity":"","overlay-gradient":""},"mobile":{"background-color":"var(--ast-global-color-4)","background-image":"","background-repeat":"repeat","background-position":"center center","background-size":"auto","background-attachment":"scroll","background-type":"","background-media":"","overlay-type":"","overlay-color":"","overlay-opacity":"","overlay-gradient":""}},"footnotes":""},"class_list":["post-820","page","type-page","status-publish","hentry"],"yoast_head":"<!-- This site is optimized with the Yoast SEO plugin v26.2 - https:\/\/yoast.com\/wordpress\/plugins\/seo\/ -->\n<title>Pol\u00edtica de privacidad -<\/title>\n<meta name=\"robots\" content=\"noindex, nofollow\" \/>\n<meta property=\"og:locale\" content=\"fr_FR\" \/>\n<meta property=\"og:type\" content=\"article\" \/>\n<meta property=\"og:title\" content=\"Pol\u00edtica de privacidad -\" \/>\n<meta property=\"og:description\" content=\"Pol\u00edtica de privacidad SPIGA DELIZIE ITALIANE S.L, se compromete a proteger su privacidad. Esta Pol\u00edtica de Privacidad explica c\u00f3mo recopilamos [&hellip;]\" \/>\n<meta property=\"og:url\" content=\"https:\/\/spigarestaurante.es\/fr\/politica-de-privacidad\/\" \/>\n<meta property=\"og:site_name\" content=\"Restaurante Spiga\" \/>\n<meta property=\"article:publisher\" content=\"https:\/\/www.facebook.com\/spigarestaurante\/\" \/>\n<meta property=\"article:modified_time\" content=\"2025-06-03T16:04:40+00:00\" \/>\n<meta property=\"og:image\" content=\"https:\/\/spigarestaurante.es\/wp-content\/uploads\/2025\/04\/Spiga-2019-02-2-1024x644-1.jpg\" \/>\n\t<meta property=\"og:image:width\" content=\"1024\" \/>\n\t<meta property=\"og:image:height\" content=\"644\" \/>\n\t<meta property=\"og:image:type\" content=\"image\/jpeg\" \/>\n<meta name=\"twitter:card\" content=\"summary_large_image\" \/>\n<meta name=\"twitter:label1\" content=\"Dur\u00e9e de lecture estim\u00e9e\" \/>\n\t<meta name=\"twitter:data1\" content=\"5 minutes\" \/>\n<script type=\"application\/ld+json\" class=\"yoast-schema-graph\">{\"@context\":\"https:\/\/schema.org\",\"@graph\":[{\"@type\":\"WebPage\",\"@id\":\"https:\/\/spigarestaurante.es\/politica-de-privacidad\/\",\"url\":\"https:\/\/spigarestaurante.es\/politica-de-privacidad\/\",\"name\":\"Pol\u00edtica de privacidad -\",\"isPartOf\":{\"@id\":\"https:\/\/spigarestaurante.es\/#website\"},\"datePublished\":\"2025-05-28T09:27:28+00:00\",\"dateModified\":\"2025-06-03T16:04:40+00:00\",\"breadcrumb\":{\"@id\":\"https:\/\/spigarestaurante.es\/politica-de-privacidad\/#breadcrumb\"},\"inLanguage\":\"fr-FR\",\"potentialAction\":[{\"@type\":\"ReadAction\",\"target\":[\"https:\/\/spigarestaurante.es\/politica-de-privacidad\/\"]}]},{\"@type\":\"BreadcrumbList\",\"@id\":\"https:\/\/spigarestaurante.es\/politica-de-privacidad\/#breadcrumb\",\"itemListElement\":[{\"@type\":\"ListItem\",\"position\":1,\"name\":\"Portada\",\"item\":\"https:\/\/spigarestaurante.es\/\"},{\"@type\":\"ListItem\",\"position\":2,\"name\":\"Pol\u00edtica de privacidad\"}]},{\"@type\":\"WebSite\",\"@id\":\"https:\/\/spigarestaurante.es\/#website\",\"url\":\"https:\/\/spigarestaurante.es\/\",\"name\":\"Restaurante Spiga\",\"description\":\"Restaurante Italiano en Alicante. Ven y descubre un espacio gastron\u00f3mico donde disfrutar de la esencia de la cocina Veneciana.\",\"publisher\":{\"@id\":\"https:\/\/spigarestaurante.es\/#organization\"},\"potentialAction\":[{\"@type\":\"SearchAction\",\"target\":{\"@type\":\"EntryPoint\",\"urlTemplate\":\"https:\/\/spigarestaurante.es\/?s={search_term_string}\"},\"query-input\":{\"@type\":\"PropertyValueSpecification\",\"valueRequired\":true,\"valueName\":\"search_term_string\"}}],\"inLanguage\":\"fr-FR\"},{\"@type\":\"Organization\",\"@id\":\"https:\/\/spigarestaurante.es\/#organization\",\"name\":\"Restaurante Spiga\",\"url\":\"https:\/\/spigarestaurante.es\/\",\"logo\":{\"@type\":\"ImageObject\",\"inLanguage\":\"fr-FR\",\"@id\":\"https:\/\/spigarestaurante.es\/#\/schema\/logo\/image\/\",\"url\":\"https:\/\/spigarestaurante.es\/wp-content\/uploads\/2025\/04\/Spiga-2019-02-2-1024x644-1.jpeg\",\"contentUrl\":\"https:\/\/spigarestaurante.es\/wp-content\/uploads\/2025\/04\/Spiga-2019-02-2-1024x644-1.jpeg\",\"width\":1024,\"height\":644,\"caption\":\"Restaurante Spiga\"},\"image\":{\"@id\":\"https:\/\/spigarestaurante.es\/#\/schema\/logo\/image\/\"},\"sameAs\":[\"https:\/\/www.facebook.com\/spigarestaurante\/\",\"https:\/\/www.instagram.com\/spigarestaurantepizzeria\/\"]}]}<\/script>\n<!-- \/ Yoast SEO plugin. -->","yoast_head_json":{"title":"Pol\u00edtica de privacidad -","robots":{"index":"noindex","follow":"nofollow"},"og_locale":"fr_FR","og_type":"article","og_title":"Pol\u00edtica de privacidad -","og_description":"Pol\u00edtica de privacidad SPIGA DELIZIE ITALIANE S.L, se compromete a proteger su privacidad. Esta Pol\u00edtica de Privacidad explica c\u00f3mo recopilamos [&hellip;]","og_url":"https:\/\/spigarestaurante.es\/fr\/politica-de-privacidad\/","og_site_name":"Restaurante Spiga","article_publisher":"https:\/\/www.facebook.com\/spigarestaurante\/","article_modified_time":"2025-06-03T16:04:40+00:00","og_image":[{"width":1024,"height":644,"url":"https:\/\/spigarestaurante.es\/wp-content\/uploads\/2025\/04\/Spiga-2019-02-2-1024x644-1.jpg","type":"image\/jpeg"}],"twitter_card":"summary_large_image","twitter_misc":{"Dur\u00e9e de lecture estim\u00e9e":"5 minutes"},"schema":{"@context":"https:\/\/schema.org","@graph":[{"@type":"WebPage","@id":"https:\/\/spigarestaurante.es\/politica-de-privacidad\/","url":"https:\/\/spigarestaurante.es\/politica-de-privacidad\/","name":"Pol\u00edtica de privacidad -","isPartOf":{"@id":"https:\/\/spigarestaurante.es\/#website"},"datePublished":"2025-05-28T09:27:28+00:00","dateModified":"2025-06-03T16:04:40+00:00","breadcrumb":{"@id":"https:\/\/spigarestaurante.es\/politica-de-privacidad\/#breadcrumb"},"inLanguage":"fr-FR","potentialAction":[{"@type":"ReadAction","target":["https:\/\/spigarestaurante.es\/politica-de-privacidad\/"]}]},{"@type":"BreadcrumbList","@id":"https:\/\/spigarestaurante.es\/politica-de-privacidad\/#breadcrumb","itemListElement":[{"@type":"ListItem","position":1,"name":"Portada","item":"https:\/\/spigarestaurante.es\/"},{"@type":"ListItem","position":2,"name":"Pol\u00edtica de privacidad"}]},{"@type":"WebSite","@id":"https:\/\/spigarestaurante.es\/#website","url":"https:\/\/spigarestaurante.es\/","name":"Restaurante Spiga","description":"Restaurante Italiano en Alicante. Ven y descubre un espacio gastron\u00f3mico donde disfrutar de la esencia de la cocina Veneciana.","publisher":{"@id":"https:\/\/spigarestaurante.es\/#organization"},"potentialAction":[{"@type":"SearchAction","target":{"@type":"EntryPoint","urlTemplate":"https:\/\/spigarestaurante.es\/?s={search_term_string}"},"query-input":{"@type":"PropertyValueSpecification","valueRequired":true,"valueName":"search_term_string"}}],"inLanguage":"fr-FR"},{"@type":"Organization","@id":"https:\/\/spigarestaurante.es\/#organization","name":"Restaurante Spiga","url":"https:\/\/spigarestaurante.es\/","logo":{"@type":"ImageObject","inLanguage":"fr-FR","@id":"https:\/\/spigarestaurante.es\/#\/schema\/logo\/image\/","url":"https:\/\/spigarestaurante.es\/wp-content\/uploads\/2025\/04\/Spiga-2019-02-2-1024x644-1.jpeg","contentUrl":"https:\/\/spigarestaurante.es\/wp-content\/uploads\/2025\/04\/Spiga-2019-02-2-1024x644-1.jpeg","width":1024,"height":644,"caption":"Restaurante Spiga"},"image":{"@id":"https:\/\/spigarestaurante.es\/#\/schema\/logo\/image\/"},"sameAs":["https:\/\/www.facebook.com\/spigarestaurante\/","https:\/\/www.instagram.com\/spigarestaurantepizzeria\/"]}]}},"_links":{"self":[{"href":"https:\/\/spigarestaurante.es\/fr\/wp-json\/wp\/v2\/pages\/820","targetHints":{"allow":["GET"]}}],"collection":[{"href":"https:\/\/spigarestaurante.es\/fr\/wp-json\/wp\/v2\/pages"}],"about":[{"href":"https:\/\/spigarestaurante.es\/fr\/wp-json\/wp\/v2\/types\/page"}],"author":[{"embeddable":true,"href":"https:\/\/spigarestaurante.es\/fr\/wp-json\/wp\/v2\/users\/2"}],"replies":[{"embeddable":true,"href":"https:\/\/spigarestaurante.es\/fr\/wp-json\/wp\/v2\/comments?post=820"}],"version-history":[{"count":7,"href":"https:\/\/spigarestaurante.es\/fr\/wp-json\/wp\/v2\/pages\/820\/revisions"}],"predecessor-version":[{"id":831,"href":"https:\/\/spigarestaurante.es\/fr\/wp-json\/wp\/v2\/pages\/820\/revisions\/831"}],"wp:attachment":[{"href":"https:\/\/spigarestaurante.es\/fr\/wp-json\/wp\/v2\/media?parent=820"}],"curies":[{"name":"wp","href":"https:\/\/api.w.org\/{rel}","templated":true}]}}