{"id":818,"date":"2025-05-28T09:27:03","date_gmt":"2025-05-28T09:27:03","guid":{"rendered":"https:\/\/spigarestaurante.es\/?page_id=818"},"modified":"2025-06-03T16:05:03","modified_gmt":"2025-06-03T16:05:03","slug":"avisos-legales","status":"publish","type":"page","link":"https:\/\/spigarestaurante.es\/fr\/avisos-legales\/","title":{"rendered":"Mentions l\u00e9gales"},"content":{"rendered":"<div data-elementor-type=\"wp-page\" data-elementor-id=\"818\" class=\"elementor elementor-818\" data-elementor-post-type=\"page\">\n\t\t\t\t<div class=\"elementor-element elementor-element-27cc36d e-flex e-con-boxed e-con e-parent\" data-id=\"27cc36d\" data-element_type=\"container\">\n\t\t\t\t\t<div class=\"e-con-inner\">\n\t\t\t\t<div class=\"elementor-element elementor-element-39255a7 elementor-widget elementor-widget-heading\" data-id=\"39255a7\" data-element_type=\"widget\" data-widget_type=\"heading.default\">\n\t\t\t\t<div class=\"elementor-widget-container\">\n\t\t\t\t\t<h2 class=\"elementor-heading-title elementor-size-default\">Mentions l\u00e9gales<\/h2>\t\t\t\t<\/div>\n\t\t\t\t<\/div>\n\t\t<div class=\"elementor-element elementor-element-f705874 e-con-full e-flex e-con e-child\" data-id=\"f705874\" data-element_type=\"container\">\n\t\t\t\t<div class=\"elementor-element elementor-element-fe33c29 elementor-widget elementor-widget-text-editor\" data-id=\"fe33c29\" data-element_type=\"widget\" data-widget_type=\"text-editor.default\">\n\t\t\t\t<div class=\"elementor-widget-container\">\n\t\t\t\t\t\t\t\t\t<p>Ce portail est la propri\u00e9t\u00e9 de\u00a0<strong>SPIGA DELIZIE ITALIANE S.L<\/strong> titulaire du\u00a0<strong>C.I.F: ESB53691705 <\/strong> domicili\u00e9e \u00e0 <strong>C\/Mayor, n\u00ba 11 \u2013 03002 \u2013 Alicante (Alicante)<\/strong>t\u00e9l\u00e9phone fixe :\u00a0<strong>+34 965 21 99 88 <\/strong> email:<strong>info@spigarestaurante.es<\/strong><\/p>\t\t\t\t\t\t\t\t<\/div>\n\t\t\t\t<\/div>\n\t\t\t\t<div class=\"elementor-element elementor-element-608ffe6 elementor-widget elementor-widget-heading\" data-id=\"608ffe6\" data-element_type=\"widget\" data-widget_type=\"heading.default\">\n\t\t\t\t<div class=\"elementor-widget-container\">\n\t\t\t\t\t<h2 class=\"elementor-heading-title elementor-size-default\">Propri\u00e9t\u00e9 intellectuelle et industrielle<\/h2>\t\t\t\t<\/div>\n\t\t\t\t<\/div>\n\t\t\t\t<div class=\"elementor-element elementor-element-4d8fdee elementor-widget elementor-widget-text-editor\" data-id=\"4d8fdee\" data-element_type=\"widget\" data-widget_type=\"text-editor.default\">\n\t\t\t\t<div class=\"elementor-widget-container\">\n\t\t\t\t\t\t\t\t\t<p>La conception du portail ainsi que ses codes sources, de m\u00eame que les logos, marques et autres signes distinctifs qui y apparaissent, appartiennent \u00e0\u00a0<strong>SPIGA DELIZIE ITALIANE S.L<\/strong> et sont prot\u00e9g\u00e9s par les droits de propri\u00e9t\u00e9 intellectuelle et industrielle correspondants.<\/p>\t\t\t\t\t\t\t\t<\/div>\n\t\t\t\t<\/div>\n\t\t\t\t<div class=\"elementor-element elementor-element-1af45ba elementor-widget elementor-widget-heading\" data-id=\"1af45ba\" data-element_type=\"widget\" data-widget_type=\"heading.default\">\n\t\t\t\t<div class=\"elementor-widget-container\">\n\t\t\t\t\t<h2 class=\"elementor-heading-title elementor-size-default\">Responsabilit\u00e9 des contenus<\/h2>\t\t\t\t<\/div>\n\t\t\t\t<\/div>\n\t\t\t\t<div class=\"elementor-element elementor-element-5a6ea3c elementor-widget elementor-widget-text-editor\" data-id=\"5a6ea3c\" data-element_type=\"widget\" data-widget_type=\"text-editor.default\">\n\t\t\t\t<div class=\"elementor-widget-container\">\n\t\t\t\t\t\t\t\t\t<p><strong>SPIGA DELIZIE ITALIANE S.L<\/strong><strong>\u00a0<\/strong> n'est pas responsable de la l\u00e9galit\u00e9 d'autres sites web de tiers auxquels on pourrait acc\u00e9der depuis ce portail. <strong>SPIGA DELIZIE ITALIANE S.L<\/strong> Elle n'est pas non plus responsable de la l\u00e9galit\u00e9 d'autres sites web de tiers li\u00e9s ou r\u00e9f\u00e9renc\u00e9s \u00e0 partir de ce portail. <strong>SPIGA DELIZIE ITALIANE S.L<\/strong> se r\u00e9serve le droit d'apporter des modifications au site web sans pr\u00e9avis, dans le but de maintenir ses informations \u00e0 jour, en ajoutant, modifiant, corrigeant ou supprimant les contenus publi\u00e9s ou la conception du portail.\u00a0<strong>SPIGA DELIZIE ITALIANE S.L<\/strong> ne sera pas tenue responsable de l\u2019usage que des tiers pourraient faire des informations publi\u00e9es sur le portail, ni des dommages ou pertes \u00e9conomiques qui, de mani\u00e8re directe ou indirecte, pourraient \u00eatre caus\u00e9s \u00e0 des biens, donn\u00e9es ou int\u00e9r\u00eats \u00e9conomiques \u00e0 la suite de l'utilisation de ces informations.<\/p>\t\t\t\t\t\t\t\t<\/div>\n\t\t\t\t<\/div>\n\t\t\t\t<div class=\"elementor-element elementor-element-21db048 elementor-widget elementor-widget-heading\" data-id=\"21db048\" data-element_type=\"widget\" data-widget_type=\"heading.default\">\n\t\t\t\t<div class=\"elementor-widget-container\">\n\t\t\t\t\t<h2 class=\"elementor-heading-title elementor-size-default\">Reproduction des contenus<\/h2>\t\t\t\t<\/div>\n\t\t\t\t<\/div>\n\t\t\t\t<div class=\"elementor-element elementor-element-28ebaa0 elementor-widget elementor-widget-text-editor\" data-id=\"28ebaa0\" data-element_type=\"widget\" data-widget_type=\"text-editor.default\">\n\t\t\t\t<div class=\"elementor-widget-container\">\n\t\t\t\t\t\t\t\t\t<p>La reproduction totale ou partielle des contenus publi\u00e9s sur le portail est interdite, \u00e0 l'exception des contenus consid\u00e9r\u00e9s comme donn\u00e9es ouvertes sur le Si\u00e8ge \u00c9lectronique, publi\u00e9s conform\u00e9ment aux dispositions du D\u00e9cret Royal 1495\/2011, du 24 octobre.<\/p>\t\t\t\t\t\t\t\t<\/div>\n\t\t\t\t<\/div>\n\t\t\t\t<div class=\"elementor-element elementor-element-c6c90d8 elementor-widget elementor-widget-heading\" data-id=\"c6c90d8\" data-element_type=\"widget\" data-widget_type=\"heading.default\">\n\t\t\t\t<div class=\"elementor-widget-container\">\n\t\t\t\t\t<h2 class=\"elementor-heading-title elementor-size-default\">Droit applicable<\/h2>\t\t\t\t<\/div>\n\t\t\t\t<\/div>\n\t\t\t\t<div class=\"elementor-element elementor-element-9255184 elementor-widget elementor-widget-text-editor\" data-id=\"9255184\" data-element_type=\"widget\" data-widget_type=\"text-editor.default\">\n\t\t\t\t<div class=\"elementor-widget-container\">\n\t\t\t\t\t\t\t\t\t<p>La l\u00e9gislation applicable en cas de litige ou de conflit d'interpr\u00e9tation des termes figurant dans ces mentions l\u00e9gales, ainsi que toute question relative aux services de ce portail, sera la l\u00e9gislation espagnole.<\/p>\t\t\t\t\t\t\t\t<\/div>\n\t\t\t\t<\/div>\n\t\t\t\t<\/div>\n\t\t\t\t\t<\/div>\n\t\t\t\t<\/div>\n\t\t\t\t<\/div>","protected":false},"excerpt":{"rendered":"<p>Avisos legales Este portal, cuyo titular es\u00a0SPIGA DELIZIE ITALIANE S.L con\u00a0C.I.F: ESB53691705 en C\/Mayor, n\u00ba 11 \u2013 03002 \u2013 Alicante [&hellip;]<\/p>","protected":false},"author":2,"featured_media":0,"parent":0,"menu_order":0,"comment_status":"closed","ping_status":"closed","template":"","meta":{"site-sidebar-layout":"no-sidebar","site-content-layout":"","ast-site-content-layout":"full-width-container","site-content-style":"default","site-sidebar-style":"default","ast-global-header-display":"","ast-banner-title-visibility":"","ast-main-header-display":"","ast-hfb-above-header-display":"","ast-hfb-below-header-display":"","ast-hfb-mobile-header-display":"","site-post-title":"disabled","ast-breadcrumbs-content":"","ast-featured-img":"disabled","footer-sml-layout":"","theme-transparent-header-meta":"","adv-header-id-meta":"","stick-header-meta":"","header-above-stick-meta":"","header-main-stick-meta":"","header-below-stick-meta":"","astra-migrate-meta-layouts":"default","ast-page-background-enabled":"default","ast-page-background-meta":{"desktop":{"background-color":"var(--ast-global-color-5)","background-image":"","background-repeat":"repeat","background-position":"center center","background-size":"auto","background-attachment":"scroll","background-type":"","background-media":"","overlay-type":"","overlay-color":"","overlay-opacity":"","overlay-gradient":""},"tablet":{"background-color":"","background-image":"","background-repeat":"repeat","background-position":"center center","background-size":"auto","background-attachment":"scroll","background-type":"","background-media":"","overlay-type":"","overlay-color":"","overlay-opacity":"","overlay-gradient":""},"mobile":{"background-color":"","background-image":"","background-repeat":"repeat","background-position":"center center","background-size":"auto","background-attachment":"scroll","background-type":"","background-media":"","overlay-type":"","overlay-color":"","overlay-opacity":"","overlay-gradient":""}},"ast-content-background-meta":{"desktop":{"background-color":"var(--ast-global-color-4)","background-image":"","background-repeat":"repeat","background-position":"center center","background-size":"auto","background-attachment":"scroll","background-type":"","background-media":"","overlay-type":"","overlay-color":"","overlay-opacity":"","overlay-gradient":""},"tablet":{"background-color":"var(--ast-global-color-4)","background-image":"","background-repeat":"repeat","background-position":"center center","background-size":"auto","background-attachment":"scroll","background-type":"","background-media":"","overlay-type":"","overlay-color":"","overlay-opacity":"","overlay-gradient":""},"mobile":{"background-color":"var(--ast-global-color-4)","background-image":"","background-repeat":"repeat","background-position":"center center","background-size":"auto","background-attachment":"scroll","background-type":"","background-media":"","overlay-type":"","overlay-color":"","overlay-opacity":"","overlay-gradient":""}},"footnotes":""},"class_list":["post-818","page","type-page","status-publish","hentry"],"yoast_head":"<!-- This site is optimized with the Yoast SEO plugin v26.2 - https:\/\/yoast.com\/wordpress\/plugins\/seo\/ -->\n<title>Avisos Legales -<\/title>\n<meta name=\"robots\" content=\"noindex, nofollow\" \/>\n<meta property=\"og:locale\" content=\"fr_FR\" \/>\n<meta property=\"og:type\" content=\"article\" \/>\n<meta property=\"og:title\" content=\"Avisos Legales -\" \/>\n<meta property=\"og:description\" content=\"Avisos legales Este portal, cuyo titular es\u00a0SPIGA DELIZIE ITALIANE S.L con\u00a0C.I.F: ESB53691705 en C\/Mayor, n\u00ba 11 \u2013 03002 \u2013 Alicante [&hellip;]\" \/>\n<meta property=\"og:url\" content=\"https:\/\/spigarestaurante.es\/fr\/avisos-legales\/\" \/>\n<meta property=\"og:site_name\" content=\"Restaurante Spiga\" \/>\n<meta property=\"article:publisher\" content=\"https:\/\/www.facebook.com\/spigarestaurante\/\" \/>\n<meta property=\"article:modified_time\" content=\"2025-06-03T16:05:03+00:00\" \/>\n<meta property=\"og:image\" content=\"https:\/\/spigarestaurante.es\/wp-content\/uploads\/2025\/04\/Spiga-2019-02-2-1024x644-1.jpg\" \/>\n\t<meta property=\"og:image:width\" content=\"1024\" \/>\n\t<meta property=\"og:image:height\" content=\"644\" \/>\n\t<meta property=\"og:image:type\" content=\"image\/jpeg\" \/>\n<meta name=\"twitter:card\" content=\"summary_large_image\" \/>\n<meta name=\"twitter:label1\" content=\"Dur\u00e9e de lecture estim\u00e9e\" \/>\n\t<meta name=\"twitter:data1\" content=\"2 minutes\" \/>\n<script type=\"application\/ld+json\" class=\"yoast-schema-graph\">{\"@context\":\"https:\/\/schema.org\",\"@graph\":[{\"@type\":\"WebPage\",\"@id\":\"https:\/\/spigarestaurante.es\/avisos-legales\/\",\"url\":\"https:\/\/spigarestaurante.es\/avisos-legales\/\",\"name\":\"Avisos Legales -\",\"isPartOf\":{\"@id\":\"https:\/\/spigarestaurante.es\/#website\"},\"datePublished\":\"2025-05-28T09:27:03+00:00\",\"dateModified\":\"2025-06-03T16:05:03+00:00\",\"breadcrumb\":{\"@id\":\"https:\/\/spigarestaurante.es\/avisos-legales\/#breadcrumb\"},\"inLanguage\":\"fr-FR\",\"potentialAction\":[{\"@type\":\"ReadAction\",\"target\":[\"https:\/\/spigarestaurante.es\/avisos-legales\/\"]}]},{\"@type\":\"BreadcrumbList\",\"@id\":\"https:\/\/spigarestaurante.es\/avisos-legales\/#breadcrumb\",\"itemListElement\":[{\"@type\":\"ListItem\",\"position\":1,\"name\":\"Portada\",\"item\":\"https:\/\/spigarestaurante.es\/\"},{\"@type\":\"ListItem\",\"position\":2,\"name\":\"Avisos Legales\"}]},{\"@type\":\"WebSite\",\"@id\":\"https:\/\/spigarestaurante.es\/#website\",\"url\":\"https:\/\/spigarestaurante.es\/\",\"name\":\"Restaurante Spiga\",\"description\":\"Restaurante Italiano en Alicante. Ven y descubre un espacio gastron\u00f3mico donde disfrutar de la esencia de la cocina Veneciana.\",\"publisher\":{\"@id\":\"https:\/\/spigarestaurante.es\/#organization\"},\"potentialAction\":[{\"@type\":\"SearchAction\",\"target\":{\"@type\":\"EntryPoint\",\"urlTemplate\":\"https:\/\/spigarestaurante.es\/?s={search_term_string}\"},\"query-input\":{\"@type\":\"PropertyValueSpecification\",\"valueRequired\":true,\"valueName\":\"search_term_string\"}}],\"inLanguage\":\"fr-FR\"},{\"@type\":\"Organization\",\"@id\":\"https:\/\/spigarestaurante.es\/#organization\",\"name\":\"Restaurante Spiga\",\"url\":\"https:\/\/spigarestaurante.es\/\",\"logo\":{\"@type\":\"ImageObject\",\"inLanguage\":\"fr-FR\",\"@id\":\"https:\/\/spigarestaurante.es\/#\/schema\/logo\/image\/\",\"url\":\"https:\/\/spigarestaurante.es\/wp-content\/uploads\/2025\/04\/Spiga-2019-02-2-1024x644-1.jpeg\",\"contentUrl\":\"https:\/\/spigarestaurante.es\/wp-content\/uploads\/2025\/04\/Spiga-2019-02-2-1024x644-1.jpeg\",\"width\":1024,\"height\":644,\"caption\":\"Restaurante Spiga\"},\"image\":{\"@id\":\"https:\/\/spigarestaurante.es\/#\/schema\/logo\/image\/\"},\"sameAs\":[\"https:\/\/www.facebook.com\/spigarestaurante\/\",\"https:\/\/www.instagram.com\/spigarestaurantepizzeria\/\"]}]}<\/script>\n<!-- \/ Yoast SEO plugin. -->","yoast_head_json":{"title":"Avisos Legales -","robots":{"index":"noindex","follow":"nofollow"},"og_locale":"fr_FR","og_type":"article","og_title":"Avisos Legales -","og_description":"Avisos legales Este portal, cuyo titular es\u00a0SPIGA DELIZIE ITALIANE S.L con\u00a0C.I.F: ESB53691705 en C\/Mayor, n\u00ba 11 \u2013 03002 \u2013 Alicante [&hellip;]","og_url":"https:\/\/spigarestaurante.es\/fr\/avisos-legales\/","og_site_name":"Restaurante Spiga","article_publisher":"https:\/\/www.facebook.com\/spigarestaurante\/","article_modified_time":"2025-06-03T16:05:03+00:00","og_image":[{"width":1024,"height":644,"url":"https:\/\/spigarestaurante.es\/wp-content\/uploads\/2025\/04\/Spiga-2019-02-2-1024x644-1.jpg","type":"image\/jpeg"}],"twitter_card":"summary_large_image","twitter_misc":{"Dur\u00e9e de lecture estim\u00e9e":"2 minutes"},"schema":{"@context":"https:\/\/schema.org","@graph":[{"@type":"WebPage","@id":"https:\/\/spigarestaurante.es\/avisos-legales\/","url":"https:\/\/spigarestaurante.es\/avisos-legales\/","name":"Avisos Legales -","isPartOf":{"@id":"https:\/\/spigarestaurante.es\/#website"},"datePublished":"2025-05-28T09:27:03+00:00","dateModified":"2025-06-03T16:05:03+00:00","breadcrumb":{"@id":"https:\/\/spigarestaurante.es\/avisos-legales\/#breadcrumb"},"inLanguage":"fr-FR","potentialAction":[{"@type":"ReadAction","target":["https:\/\/spigarestaurante.es\/avisos-legales\/"]}]},{"@type":"BreadcrumbList","@id":"https:\/\/spigarestaurante.es\/avisos-legales\/#breadcrumb","itemListElement":[{"@type":"ListItem","position":1,"name":"Portada","item":"https:\/\/spigarestaurante.es\/"},{"@type":"ListItem","position":2,"name":"Avisos Legales"}]},{"@type":"WebSite","@id":"https:\/\/spigarestaurante.es\/#website","url":"https:\/\/spigarestaurante.es\/","name":"Restaurante Spiga","description":"Restaurante Italiano en Alicante. Ven y descubre un espacio gastron\u00f3mico donde disfrutar de la esencia de la cocina Veneciana.","publisher":{"@id":"https:\/\/spigarestaurante.es\/#organization"},"potentialAction":[{"@type":"SearchAction","target":{"@type":"EntryPoint","urlTemplate":"https:\/\/spigarestaurante.es\/?s={search_term_string}"},"query-input":{"@type":"PropertyValueSpecification","valueRequired":true,"valueName":"search_term_string"}}],"inLanguage":"fr-FR"},{"@type":"Organization","@id":"https:\/\/spigarestaurante.es\/#organization","name":"Restaurante Spiga","url":"https:\/\/spigarestaurante.es\/","logo":{"@type":"ImageObject","inLanguage":"fr-FR","@id":"https:\/\/spigarestaurante.es\/#\/schema\/logo\/image\/","url":"https:\/\/spigarestaurante.es\/wp-content\/uploads\/2025\/04\/Spiga-2019-02-2-1024x644-1.jpeg","contentUrl":"https:\/\/spigarestaurante.es\/wp-content\/uploads\/2025\/04\/Spiga-2019-02-2-1024x644-1.jpeg","width":1024,"height":644,"caption":"Restaurante Spiga"},"image":{"@id":"https:\/\/spigarestaurante.es\/#\/schema\/logo\/image\/"},"sameAs":["https:\/\/www.facebook.com\/spigarestaurante\/","https:\/\/www.instagram.com\/spigarestaurantepizzeria\/"]}]}},"_links":{"self":[{"href":"https:\/\/spigarestaurante.es\/fr\/wp-json\/wp\/v2\/pages\/818","targetHints":{"allow":["GET"]}}],"collection":[{"href":"https:\/\/spigarestaurante.es\/fr\/wp-json\/wp\/v2\/pages"}],"about":[{"href":"https:\/\/spigarestaurante.es\/fr\/wp-json\/wp\/v2\/types\/page"}],"author":[{"embeddable":true,"href":"https:\/\/spigarestaurante.es\/fr\/wp-json\/wp\/v2\/users\/2"}],"replies":[{"embeddable":true,"href":"https:\/\/spigarestaurante.es\/fr\/wp-json\/wp\/v2\/comments?post=818"}],"version-history":[{"count":4,"href":"https:\/\/spigarestaurante.es\/fr\/wp-json\/wp\/v2\/pages\/818\/revisions"}],"predecessor-version":[{"id":835,"href":"https:\/\/spigarestaurante.es\/fr\/wp-json\/wp\/v2\/pages\/818\/revisions\/835"}],"wp:attachment":[{"href":"https:\/\/spigarestaurante.es\/fr\/wp-json\/wp\/v2\/media?parent=818"}],"curies":[{"name":"wp","href":"https:\/\/api.w.org\/{rel}","templated":true}]}}