{"id":820,"date":"2025-05-28T09:27:28","date_gmt":"2025-05-28T09:27:28","guid":{"rendered":"https:\/\/spigarestaurante.es\/?page_id=820"},"modified":"2025-06-03T16:04:40","modified_gmt":"2025-06-03T16:04:40","slug":"politica-de-privacidad","status":"publish","type":"page","link":"https:\/\/spigarestaurante.es\/en\/politica-de-privacidad\/","title":{"rendered":"Privacy policy"},"content":{"rendered":"<div data-elementor-type=\"wp-page\" data-elementor-id=\"820\" class=\"elementor elementor-820\" data-elementor-post-type=\"page\">\n\t\t\t\t<div class=\"elementor-element elementor-element-05750a3 e-flex e-con-boxed e-con e-parent\" data-id=\"05750a3\" data-element_type=\"container\">\n\t\t\t\t\t<div class=\"e-con-inner\">\n\t\t\t\t<div class=\"elementor-element elementor-element-c81eb9e elementor-widget elementor-widget-heading\" data-id=\"c81eb9e\" data-element_type=\"widget\" data-widget_type=\"heading.default\">\n\t\t\t\t<div class=\"elementor-widget-container\">\n\t\t\t\t\t<h2 class=\"elementor-heading-title elementor-size-default\">Privacy policy<\/h2>\t\t\t\t<\/div>\n\t\t\t\t<\/div>\n\t\t<div class=\"elementor-element elementor-element-fe83a61 e-con-full e-flex e-con e-child\" data-id=\"fe83a61\" data-element_type=\"container\">\n\t\t\t\t<div class=\"elementor-element elementor-element-1f1c2b7 elementor-widget elementor-widget-text-editor\" data-id=\"1f1c2b7\" data-element_type=\"widget\" data-widget_type=\"text-editor.default\">\n\t\t\t\t<div class=\"elementor-widget-container\">\n\t\t\t\t\t\t\t\t\t<p><strong>SPIGA DELIZIE ITALIANE S.L<\/strong>is committed to protecting your privacy. This Privacy Policy explains how we collect and use your personal data and what rights and options you have in this regard. Please also consult our Cookie Policy, which explains the use of cookies and other tracking devices on the website through our site.<\/p>\t\t\t\t\t\t\t\t<\/div>\n\t\t\t\t<\/div>\n\t\t\t\t<div class=\"elementor-element elementor-element-548857c elementor-widget elementor-widget-heading\" data-id=\"548857c\" data-element_type=\"widget\" data-widget_type=\"heading.default\">\n\t\t\t\t<div class=\"elementor-widget-container\">\n\t\t\t\t\t<h2 class=\"elementor-heading-title elementor-size-default\">Who is responsible for the processing of your personal data?<\/h2>\t\t\t\t<\/div>\n\t\t\t\t<\/div>\n\t\t\t\t<div class=\"elementor-element elementor-element-6f5e441 elementor-widget elementor-widget-text-editor\" data-id=\"6f5e441\" data-element_type=\"widget\" data-widget_type=\"text-editor.default\">\n\t\t\t\t<div class=\"elementor-widget-container\">\n\t\t\t\t\t\t\t\t\t<strong>SPIGA DELIZIE ITALIANE S.L<\/strong>\u00a0with <strong>C.I.F: ESB53691705<\/strong>, registered address at<strong> C\/Mayor, n\u00ba 11 \u2013 03002 \u2013 Alicante (Alicante)<\/strong> , phone number:<strong> +34 965 21 99 88<\/strong> and email: <strong>info@spigarestaurante.es,<\/strong>  is responsible for the processing of your personal data. Therefore, we guarantee its security and confidential treatment, in accordance with the provisions of the <strong>EU GENERAL DATA PROTECTION REGULATION (EU) 679\/2016<\/strong>, as well as any other applicable regulations.\t\t\t\t\t\t\t\t<\/div>\n\t\t\t\t<\/div>\n\t\t\t\t<div class=\"elementor-element elementor-element-b6ce865 elementor-widget elementor-widget-heading\" data-id=\"b6ce865\" data-element_type=\"widget\" data-widget_type=\"heading.default\">\n\t\t\t\t<div class=\"elementor-widget-container\">\n\t\t\t\t\t<h2 class=\"elementor-heading-title elementor-size-default\">For what purposes do we use your personal data?<\/h2>\t\t\t\t<\/div>\n\t\t\t\t<\/div>\n\t\t\t\t<div class=\"elementor-element elementor-element-ed6ad08 elementor-widget elementor-widget-text-editor\" data-id=\"ed6ad08\" data-element_type=\"widget\" data-widget_type=\"text-editor.default\">\n\t\t\t\t<div class=\"elementor-widget-container\">\n\t\t\t\t\t\t\t\t\t<p>At<strong> SPIGA DELIZIE ITALIANE S.L<\/strong> we use your data to the extent permitted by the GDPR, as well as by applicable current regulations. In any case, the processing will be carried out for specific, explicit and legitimate purposes, and in no case will they be processed in a manner incompatible with these purposes. Specifically, the following processing will be carried out:<\/p><p style=\"padding-left: 40px;\">Respond to your inquiries, requests or petitions.<br \/>Manage the contractual relationship and the provision of the consultation services requested by the client.<br \/>Manage your phone calls.<br \/>Issue payment receipts for the services provided to the client.<br \/>For the correct performance of the requested service, the client's personal data necessary to monitor their progress during the provision of the service will be processed.<br \/>Carry out all administrative, tax and accounting procedures necessary to comply with our contractual commitments and fiscal and accounting obligations.<br \/>Fulfillment of our legal obligations<br \/>Analyze and improve our services and communications with you.<br \/>Monitor and evaluate compliance with our policies and standards.<br \/>Manage the sending of information and commercial prospecting by any means in the case of explicit consent.<\/p>\t\t\t\t\t\t\t\t<\/div>\n\t\t\t\t<\/div>\n\t\t\t\t<div class=\"elementor-element elementor-element-6de763c elementor-widget elementor-widget-heading\" data-id=\"6de763c\" data-element_type=\"widget\" data-widget_type=\"heading.default\">\n\t\t\t\t<div class=\"elementor-widget-container\">\n\t\t\t\t\t<h2 class=\"elementor-heading-title elementor-size-default\">What is the legal basis for processing your data?<\/h2>\t\t\t\t<\/div>\n\t\t\t\t<\/div>\n\t\t\t\t<div class=\"elementor-element elementor-element-51d1b7c elementor-widget elementor-widget-text-editor\" data-id=\"51d1b7c\" data-element_type=\"widget\" data-widget_type=\"text-editor.default\">\n\t\t\t\t<div class=\"elementor-widget-container\">\n\t\t\t\t\t\t\t\t\t<p>The legal basis for the processing of personal data that we carry out is at all times in compliance with the provisions of Article 6 of the GDPR, as well as Article 8 of Organic Law 3\/2018. In cases where the legal basis for the primary purpose of data use is not found in any of the aforementioned legal grounds, the data subject\u2019s consent will be requested for the processing.<\/p>\t\t\t\t\t\t\t\t<\/div>\n\t\t\t\t<\/div>\n\t\t\t\t<div class=\"elementor-element elementor-element-2104045 elementor-widget elementor-widget-heading\" data-id=\"2104045\" data-element_type=\"widget\" data-widget_type=\"heading.default\">\n\t\t\t\t<div class=\"elementor-widget-container\">\n\t\t\t\t\t<h2 class=\"elementor-heading-title elementor-size-default\">How long do we keep your data?<\/h2>\t\t\t\t<\/div>\n\t\t\t\t<\/div>\n\t\t\t\t<div class=\"elementor-element elementor-element-92b7a05 elementor-widget elementor-widget-text-editor\" data-id=\"92b7a05\" data-element_type=\"widget\" data-widget_type=\"text-editor.default\">\n\t\t\t\t<div class=\"elementor-widget-container\">\n\t\t\t\t\t\t\t\t\t<p>Personal data will be retained for the time necessary to provide the service or until the data subject withdraws their consent. Subsequently, the data will be deleted in accordance with the provisions of data protection regulations, which implies their blocking, being available only at the request of Judges and courts, Ombudsman, Public Prosecutor or competent Public Administrations during the statute of limitations of the actions that may arise, and, once this has elapsed, they will be completely deleted.<\/p>\t\t\t\t\t\t\t\t<\/div>\n\t\t\t\t<\/div>\n\t\t\t\t<div class=\"elementor-element elementor-element-c589191 elementor-widget elementor-widget-heading\" data-id=\"c589191\" data-element_type=\"widget\" data-widget_type=\"heading.default\">\n\t\t\t\t<div class=\"elementor-widget-container\">\n\t\t\t\t\t<h2 class=\"elementor-heading-title elementor-size-default\">With whom do we share your data?<\/h2>\t\t\t\t<\/div>\n\t\t\t\t<\/div>\n\t\t\t\t<div class=\"elementor-element elementor-element-3b241a8 elementor-widget elementor-widget-text-editor\" data-id=\"3b241a8\" data-element_type=\"widget\" data-widget_type=\"text-editor.default\">\n\t\t\t\t<div class=\"elementor-widget-container\">\n\t\t\t\t\t\t\t\t\t<p>We inform you that the data provided will be communicated to different product and service providers that are necessary for the execution of the requested processing. Our providers are obliged to use the provided data solely and exclusively to fulfill the requested service. The personal data processed by <strong>SPIGA DELIZIE ITALIANE S.L<\/strong> to achieve the purposes detailed above may be communicated to the following recipients depending on the legal basis for the communication:<\/p><p>Public Administrations in the cases provided for by law.<br \/>State Security Forces and Corps.<br \/>Banks and financial institutions for the collection of contracted services.<br \/>Public registers of asset solvency and fraud prevention systems.<\/p>\t\t\t\t\t\t\t\t<\/div>\n\t\t\t\t<\/div>\n\t\t\t\t<div class=\"elementor-element elementor-element-2d2816b elementor-widget elementor-widget-heading\" data-id=\"2d2816b\" data-element_type=\"widget\" data-widget_type=\"heading.default\">\n\t\t\t\t<div class=\"elementor-widget-container\">\n\t\t\t\t\t<h2 class=\"elementor-heading-title elementor-size-default\">What are your rights?<\/h2>\t\t\t\t<\/div>\n\t\t\t\t<\/div>\n\t\t\t\t<div class=\"elementor-element elementor-element-bf75c27 elementor-widget elementor-widget-text-editor\" data-id=\"bf75c27\" data-element_type=\"widget\" data-widget_type=\"text-editor.default\">\n\t\t\t\t<div class=\"elementor-widget-container\">\n\t\t\t\t\t\t\t\t\t<p>Rights:<\/p><p>Specifically, regardless of the purpose or legal basis under which we process your data, you have the right to:<\/p><ul><li style=\"list-style-type: none;\"><ul><li>Right of access: anyone has the right to obtain confirmation as to whether\u00a0<strong>SPIGA DELIZIE ITALIANE S.L<\/strong> is processing personal data concerning them.<\/li><li>Right of rectification: you have the right to access your personal data and request its rectification when it is inaccurate.<\/li><li>Right of erasure: when the data collected is no longer necessary for the purposes for which it was collected.<\/li><li>Right to restriction of processing: you may request the restriction of the processing of your data and request that it be retained for the exercise or defense of claims.<\/li><li>Right to data portability: you have the right to obtain personal data concerning you in a structured, commonly used and machine-readable format and to transmit it to another controller.<\/li><li>Right to withdraw consent: the right to withdraw any consent you have previously given us to handle your personal information. If you withdraw your consent, this will not affect the legality of the use we made of your personal information before you withdrew your consent.<\/li><\/ul><\/li><\/ul>\t\t\t\t\t\t\t\t<\/div>\n\t\t\t\t<\/div>\n\t\t\t\t<div class=\"elementor-element elementor-element-92d6f81 elementor-widget elementor-widget-heading\" data-id=\"92d6f81\" data-element_type=\"widget\" data-widget_type=\"heading.default\">\n\t\t\t\t<div class=\"elementor-widget-container\">\n\t\t\t\t\t<h2 class=\"elementor-heading-title elementor-size-default\">How can you exercise your rights?<\/h2>\t\t\t\t<\/div>\n\t\t\t\t<\/div>\n\t\t\t\t<div class=\"elementor-element elementor-element-cbbefca elementor-widget elementor-widget-text-editor\" data-id=\"cbbefca\" data-element_type=\"widget\" data-widget_type=\"text-editor.default\">\n\t\t\t\t<div class=\"elementor-widget-container\">\n\t\t\t\t\t\t\t\t\t<p><strong>SPIGA DELIZIE ITALIANE S.L<\/strong>undertakes to respect the confidentiality of your personal data and to guarantee you the exercise of your rights. You can exercise them free of charge by sending us an email to\u00a0<strong>info@spigarestaurante.es <\/strong>simply indicating the reason for your request and the right you want to exercise, informing you that it is essential, according to the Law, that you provide a copy of your ID or NIE.\n\nWe also inform you that, in line with our transparency policy, you can request the rights forms through any of the following means: at our office or by email. You are also informed that you may exercise your rights by filing a complaint with the competent supervisory authority, when you have not obtained satisfaction in the exercise of your rights.<\/p>\t\t\t\t\t\t\t\t<\/div>\n\t\t\t\t<\/div>\n\t\t\t\t<div class=\"elementor-element elementor-element-6e792a2 elementor-widget elementor-widget-heading\" data-id=\"6e792a2\" data-element_type=\"widget\" data-widget_type=\"heading.default\">\n\t\t\t\t<div class=\"elementor-widget-container\">\n\t\t\t\t\t<h2 class=\"elementor-heading-title elementor-size-default\">Do you want a form to exercise your rights?<\/h2>\t\t\t\t<\/div>\n\t\t\t\t<\/div>\n\t\t\t\t<div class=\"elementor-element elementor-element-ea5e416 elementor-widget elementor-widget-text-editor\" data-id=\"ea5e416\" data-element_type=\"widget\" data-widget_type=\"text-editor.default\">\n\t\t\t\t<div class=\"elementor-widget-container\">\n\t\t\t\t\t\t\t\t\t<ul><li>We have forms available to exercise your rights; request them by email or, if you prefer, you can use those prepared by the Spanish Data Protection Agency or third parties.<\/li><li>These forms must be signed electronically or be accompanied by a photocopy of your ID.<\/li><li>If someone is representing you, you must attach a copy of their ID, or they must sign the request with their electronic signature.<\/li><li>Forms may be submitted in person, by post or by email to the address of the Controller indicated at the beginning of this text.<\/li><\/ul>\t\t\t\t\t\t\t\t<\/div>\n\t\t\t\t<\/div>\n\t\t\t\t<\/div>\n\t\t\t\t\t<\/div>\n\t\t\t\t<\/div>\n\t\t\t\t<\/div>","protected":false},"excerpt":{"rendered":"<p>Pol\u00edtica de privacidad SPIGA DELIZIE ITALIANE S.L, se compromete a proteger su privacidad. Esta Pol\u00edtica de Privacidad explica c\u00f3mo recopilamos [&hellip;]<\/p>","protected":false},"author":2,"featured_media":0,"parent":0,"menu_order":0,"comment_status":"closed","ping_status":"closed","template":"","meta":{"site-sidebar-layout":"no-sidebar","site-content-layout":"","ast-site-content-layout":"full-width-container","site-content-style":"default","site-sidebar-style":"default","ast-global-header-display":"","ast-banner-title-visibility":"","ast-main-header-display":"","ast-hfb-above-header-display":"","ast-hfb-below-header-display":"","ast-hfb-mobile-header-display":"","site-post-title":"disabled","ast-breadcrumbs-content":"","ast-featured-img":"disabled","footer-sml-layout":"","theme-transparent-header-meta":"","adv-header-id-meta":"","stick-header-meta":"","header-above-stick-meta":"","header-main-stick-meta":"","header-below-stick-meta":"","astra-migrate-meta-layouts":"default","ast-page-background-enabled":"default","ast-page-background-meta":{"desktop":{"background-color":"var(--ast-global-color-5)","background-image":"","background-repeat":"repeat","background-position":"center center","background-size":"auto","background-attachment":"scroll","background-type":"","background-media":"","overlay-type":"","overlay-color":"","overlay-opacity":"","overlay-gradient":""},"tablet":{"background-color":"","background-image":"","background-repeat":"repeat","background-position":"center center","background-size":"auto","background-attachment":"scroll","background-type":"","background-media":"","overlay-type":"","overlay-color":"","overlay-opacity":"","overlay-gradient":""},"mobile":{"background-color":"","background-image":"","background-repeat":"repeat","background-position":"center center","background-size":"auto","background-attachment":"scroll","background-type":"","background-media":"","overlay-type":"","overlay-color":"","overlay-opacity":"","overlay-gradient":""}},"ast-content-background-meta":{"desktop":{"background-color":"var(--ast-global-color-4)","background-image":"","background-repeat":"repeat","background-position":"center center","background-size":"auto","background-attachment":"scroll","background-type":"","background-media":"","overlay-type":"","overlay-color":"","overlay-opacity":"","overlay-gradient":""},"tablet":{"background-color":"var(--ast-global-color-4)","background-image":"","background-repeat":"repeat","background-position":"center center","background-size":"auto","background-attachment":"scroll","background-type":"","background-media":"","overlay-type":"","overlay-color":"","overlay-opacity":"","overlay-gradient":""},"mobile":{"background-color":"var(--ast-global-color-4)","background-image":"","background-repeat":"repeat","background-position":"center center","background-size":"auto","background-attachment":"scroll","background-type":"","background-media":"","overlay-type":"","overlay-color":"","overlay-opacity":"","overlay-gradient":""}},"footnotes":""},"class_list":["post-820","page","type-page","status-publish","hentry"],"yoast_head":"<!-- This site is optimized with the Yoast SEO plugin v26.2 - https:\/\/yoast.com\/wordpress\/plugins\/seo\/ -->\n<title>Pol\u00edtica de privacidad -<\/title>\n<meta name=\"robots\" content=\"noindex, nofollow\" \/>\n<meta property=\"og:locale\" content=\"en_US\" \/>\n<meta property=\"og:type\" content=\"article\" \/>\n<meta property=\"og:title\" content=\"Pol\u00edtica de privacidad -\" \/>\n<meta property=\"og:description\" content=\"Pol\u00edtica de privacidad SPIGA DELIZIE ITALIANE S.L, se compromete a proteger su privacidad. Esta Pol\u00edtica de Privacidad explica c\u00f3mo recopilamos [&hellip;]\" \/>\n<meta property=\"og:url\" content=\"https:\/\/spigarestaurante.es\/en\/politica-de-privacidad\/\" \/>\n<meta property=\"og:site_name\" content=\"Restaurante Spiga\" \/>\n<meta property=\"article:publisher\" content=\"https:\/\/www.facebook.com\/spigarestaurante\/\" \/>\n<meta property=\"article:modified_time\" content=\"2025-06-03T16:04:40+00:00\" \/>\n<meta property=\"og:image\" content=\"https:\/\/spigarestaurante.es\/wp-content\/uploads\/2025\/04\/Spiga-2019-02-2-1024x644-1.jpg\" \/>\n\t<meta property=\"og:image:width\" content=\"1024\" \/>\n\t<meta property=\"og:image:height\" content=\"644\" \/>\n\t<meta property=\"og:image:type\" content=\"image\/jpeg\" \/>\n<meta name=\"twitter:card\" content=\"summary_large_image\" \/>\n<meta name=\"twitter:label1\" content=\"Est. reading time\" \/>\n\t<meta name=\"twitter:data1\" content=\"5 minutes\" \/>\n<script type=\"application\/ld+json\" class=\"yoast-schema-graph\">{\"@context\":\"https:\/\/schema.org\",\"@graph\":[{\"@type\":\"WebPage\",\"@id\":\"https:\/\/spigarestaurante.es\/politica-de-privacidad\/\",\"url\":\"https:\/\/spigarestaurante.es\/politica-de-privacidad\/\",\"name\":\"Pol\u00edtica de privacidad -\",\"isPartOf\":{\"@id\":\"https:\/\/spigarestaurante.es\/#website\"},\"datePublished\":\"2025-05-28T09:27:28+00:00\",\"dateModified\":\"2025-06-03T16:04:40+00:00\",\"breadcrumb\":{\"@id\":\"https:\/\/spigarestaurante.es\/politica-de-privacidad\/#breadcrumb\"},\"inLanguage\":\"en-US\",\"potentialAction\":[{\"@type\":\"ReadAction\",\"target\":[\"https:\/\/spigarestaurante.es\/politica-de-privacidad\/\"]}]},{\"@type\":\"BreadcrumbList\",\"@id\":\"https:\/\/spigarestaurante.es\/politica-de-privacidad\/#breadcrumb\",\"itemListElement\":[{\"@type\":\"ListItem\",\"position\":1,\"name\":\"Portada\",\"item\":\"https:\/\/spigarestaurante.es\/\"},{\"@type\":\"ListItem\",\"position\":2,\"name\":\"Pol\u00edtica de privacidad\"}]},{\"@type\":\"WebSite\",\"@id\":\"https:\/\/spigarestaurante.es\/#website\",\"url\":\"https:\/\/spigarestaurante.es\/\",\"name\":\"Restaurante Spiga\",\"description\":\"Restaurante Italiano en Alicante. Ven y descubre un espacio gastron\u00f3mico donde disfrutar de la esencia de la cocina Veneciana.\",\"publisher\":{\"@id\":\"https:\/\/spigarestaurante.es\/#organization\"},\"potentialAction\":[{\"@type\":\"SearchAction\",\"target\":{\"@type\":\"EntryPoint\",\"urlTemplate\":\"https:\/\/spigarestaurante.es\/?s={search_term_string}\"},\"query-input\":{\"@type\":\"PropertyValueSpecification\",\"valueRequired\":true,\"valueName\":\"search_term_string\"}}],\"inLanguage\":\"en-US\"},{\"@type\":\"Organization\",\"@id\":\"https:\/\/spigarestaurante.es\/#organization\",\"name\":\"Restaurante Spiga\",\"url\":\"https:\/\/spigarestaurante.es\/\",\"logo\":{\"@type\":\"ImageObject\",\"inLanguage\":\"en-US\",\"@id\":\"https:\/\/spigarestaurante.es\/#\/schema\/logo\/image\/\",\"url\":\"https:\/\/spigarestaurante.es\/wp-content\/uploads\/2025\/04\/Spiga-2019-02-2-1024x644-1.jpeg\",\"contentUrl\":\"https:\/\/spigarestaurante.es\/wp-content\/uploads\/2025\/04\/Spiga-2019-02-2-1024x644-1.jpeg\",\"width\":1024,\"height\":644,\"caption\":\"Restaurante Spiga\"},\"image\":{\"@id\":\"https:\/\/spigarestaurante.es\/#\/schema\/logo\/image\/\"},\"sameAs\":[\"https:\/\/www.facebook.com\/spigarestaurante\/\",\"https:\/\/www.instagram.com\/spigarestaurantepizzeria\/\"]}]}<\/script>\n<!-- \/ Yoast SEO plugin. -->","yoast_head_json":{"title":"Pol\u00edtica de privacidad -","robots":{"index":"noindex","follow":"nofollow"},"og_locale":"en_US","og_type":"article","og_title":"Pol\u00edtica de privacidad -","og_description":"Pol\u00edtica de privacidad SPIGA DELIZIE ITALIANE S.L, se compromete a proteger su privacidad. Esta Pol\u00edtica de Privacidad explica c\u00f3mo recopilamos [&hellip;]","og_url":"https:\/\/spigarestaurante.es\/en\/politica-de-privacidad\/","og_site_name":"Restaurante Spiga","article_publisher":"https:\/\/www.facebook.com\/spigarestaurante\/","article_modified_time":"2025-06-03T16:04:40+00:00","og_image":[{"width":1024,"height":644,"url":"https:\/\/spigarestaurante.es\/wp-content\/uploads\/2025\/04\/Spiga-2019-02-2-1024x644-1.jpg","type":"image\/jpeg"}],"twitter_card":"summary_large_image","twitter_misc":{"Est. reading time":"5 minutes"},"schema":{"@context":"https:\/\/schema.org","@graph":[{"@type":"WebPage","@id":"https:\/\/spigarestaurante.es\/politica-de-privacidad\/","url":"https:\/\/spigarestaurante.es\/politica-de-privacidad\/","name":"Pol\u00edtica de privacidad -","isPartOf":{"@id":"https:\/\/spigarestaurante.es\/#website"},"datePublished":"2025-05-28T09:27:28+00:00","dateModified":"2025-06-03T16:04:40+00:00","breadcrumb":{"@id":"https:\/\/spigarestaurante.es\/politica-de-privacidad\/#breadcrumb"},"inLanguage":"en-US","potentialAction":[{"@type":"ReadAction","target":["https:\/\/spigarestaurante.es\/politica-de-privacidad\/"]}]},{"@type":"BreadcrumbList","@id":"https:\/\/spigarestaurante.es\/politica-de-privacidad\/#breadcrumb","itemListElement":[{"@type":"ListItem","position":1,"name":"Portada","item":"https:\/\/spigarestaurante.es\/"},{"@type":"ListItem","position":2,"name":"Pol\u00edtica de privacidad"}]},{"@type":"WebSite","@id":"https:\/\/spigarestaurante.es\/#website","url":"https:\/\/spigarestaurante.es\/","name":"Restaurante Spiga","description":"Restaurante Italiano en Alicante. Ven y descubre un espacio gastron\u00f3mico donde disfrutar de la esencia de la cocina Veneciana.","publisher":{"@id":"https:\/\/spigarestaurante.es\/#organization"},"potentialAction":[{"@type":"SearchAction","target":{"@type":"EntryPoint","urlTemplate":"https:\/\/spigarestaurante.es\/?s={search_term_string}"},"query-input":{"@type":"PropertyValueSpecification","valueRequired":true,"valueName":"search_term_string"}}],"inLanguage":"en-US"},{"@type":"Organization","@id":"https:\/\/spigarestaurante.es\/#organization","name":"Restaurante Spiga","url":"https:\/\/spigarestaurante.es\/","logo":{"@type":"ImageObject","inLanguage":"en-US","@id":"https:\/\/spigarestaurante.es\/#\/schema\/logo\/image\/","url":"https:\/\/spigarestaurante.es\/wp-content\/uploads\/2025\/04\/Spiga-2019-02-2-1024x644-1.jpeg","contentUrl":"https:\/\/spigarestaurante.es\/wp-content\/uploads\/2025\/04\/Spiga-2019-02-2-1024x644-1.jpeg","width":1024,"height":644,"caption":"Restaurante Spiga"},"image":{"@id":"https:\/\/spigarestaurante.es\/#\/schema\/logo\/image\/"},"sameAs":["https:\/\/www.facebook.com\/spigarestaurante\/","https:\/\/www.instagram.com\/spigarestaurantepizzeria\/"]}]}},"_links":{"self":[{"href":"https:\/\/spigarestaurante.es\/en\/wp-json\/wp\/v2\/pages\/820","targetHints":{"allow":["GET"]}}],"collection":[{"href":"https:\/\/spigarestaurante.es\/en\/wp-json\/wp\/v2\/pages"}],"about":[{"href":"https:\/\/spigarestaurante.es\/en\/wp-json\/wp\/v2\/types\/page"}],"author":[{"embeddable":true,"href":"https:\/\/spigarestaurante.es\/en\/wp-json\/wp\/v2\/users\/2"}],"replies":[{"embeddable":true,"href":"https:\/\/spigarestaurante.es\/en\/wp-json\/wp\/v2\/comments?post=820"}],"version-history":[{"count":7,"href":"https:\/\/spigarestaurante.es\/en\/wp-json\/wp\/v2\/pages\/820\/revisions"}],"predecessor-version":[{"id":831,"href":"https:\/\/spigarestaurante.es\/en\/wp-json\/wp\/v2\/pages\/820\/revisions\/831"}],"wp:attachment":[{"href":"https:\/\/spigarestaurante.es\/en\/wp-json\/wp\/v2\/media?parent=820"}],"curies":[{"name":"wp","href":"https:\/\/api.w.org\/{rel}","templated":true}]}}